{"id":8810,"date":"2023-03-09T14:35:08","date_gmt":"2023-03-09T18:35:08","guid":{"rendered":"https:\/\/www.composition.org\/prod\/simc-canada\/"},"modified":"2025-02-27T20:52:04","modified_gmt":"2025-02-28T00:52:04","slug":"simc-canada","status":"publish","type":"page","link":"https:\/\/www.composition.org\/fr\/simc-canada\/","title":{"rendered":"SIMC Canada"},"content":{"rendered":"<p>[et_pb_section fb_built=\u00a0\u00bb1&Prime; _builder_version=\u00a0\u00bb4.19.2&Prime; _module_preset=\u00a0\u00bbdefault\u00a0\u00bb background_color=\u00a0\u00bb#f5f5f5&Prime; da_disable_devices=\u00a0\u00bboff|off|off\u00a0\u00bb global_colors_info=\u00a0\u00bb{}\u00a0\u00bb da_is_popup=\u00a0\u00bboff\u00a0\u00bb da_exit_intent=\u00a0\u00bboff\u00a0\u00bb da_has_close=\u00a0\u00bbon\u00a0\u00bb da_alt_close=\u00a0\u00bboff\u00a0\u00bb da_dark_close=\u00a0\u00bboff\u00a0\u00bb da_not_modal=\u00a0\u00bbon\u00a0\u00bb da_is_singular=\u00a0\u00bboff\u00a0\u00bb da_with_loader=\u00a0\u00bboff\u00a0\u00bb da_has_shadow=\u00a0\u00bbon\u00a0\u00bb][et_pb_row column_structure=\u00a0\u00bb3_5,2_5&Prime; module_class=\u00a0\u00bbboxed-column\u00a0\u00bb _builder_version=\u00a0\u00bb4.19.2&Prime; _module_preset=\u00a0\u00bbdefault\u00a0\u00bb global_colors_info=\u00a0\u00bb{}\u00a0\u00bb][et_pb_column type=\u00a0\u00bb3_5&Prime; _builder_version=\u00a0\u00bb4.19.2&Prime; _module_preset=\u00a0\u00bbdefault\u00a0\u00bb global_colors_info=\u00a0\u00bb{}\u00a0\u00bb][et_pb_image src=\u00a0\u00bbhttps:\/\/www.composition.org\/wp-content\/uploads\/2023\/04\/ISCMkleur.jpg\u00a0\u00bb title_text=\u00a0\u00bbISCMkleur\u00a0\u00bb disabled_on=\u00a0\u00bboff|on|on\u00a0\u00bb _builder_version=\u00a0\u00bb4.21.0&Prime; _module_preset=\u00a0\u00bbdefault\u00a0\u00bb global_colors_info=\u00a0\u00bb{}\u00a0\u00bb][\/et_pb_image][et_pb_text module_class=\u00a0\u00bbheading orange-after\u00a0\u00bb _builder_version=\u00a0\u00bb4.20.2&Prime; _module_preset=\u00a0\u00bbdefault\u00a0\u00bb global_colors_info=\u00a0\u00bb{}\u00a0\u00bb]<\/p>\n<h2>La Ligue canadienne des compositeurs administre la section canadienne officielle de la SIMC<\/h2>\n<p>[\/et_pb_text][et_pb_text _builder_version=\u00a0\u00bb4.27.4&Prime; _module_preset=\u00a0\u00bbdefault\u00a0\u00bb global_colors_info=\u00a0\u00bb{}\u00a0\u00bb]<\/p>\n<p>Une partie du mandat de la Ligue canadienne des compositeurs est de d\u00e9fendre les int\u00e9r\u00eats des compositrices et compositeurs \u00e0 l\u2019\u00e9chelle nationale et internationale. Notre comit\u00e9 de la SIMC fait office de section canadienne de la Soci\u00e9t\u00e9 internationale pour la musique contemporaine et nous permet de d\u00e9fendre les int\u00e9r\u00eats de nos membres sur la sc\u00e8ne mondiale par l\u2019interm\u00e9diaire de son festival international annuel consacr\u00e9 \u00e0 la musique contemporaine : les Journ\u00e9es mondiales de la musique contemporaine.<\/p>\n<p>Dans le cadre de ses responsabilit\u00e9s en tant que section canadienne de la SIMC, la LCC repr\u00e9sente officiellement le Canada aux Journ\u00e9es mondiales de la musique contemporaine. Par un processus interne de s\u00e9lection par jury, nous choisissons six \u0153uvres canadiennes qui seront soumises au jury international du festival. Ce processus garantit qu\u2019au moins une \u0153uvre canadienne sera ex\u00e9cut\u00e9e et permet de dispenser les compositrices ou compositeurs s\u00e9lectionn\u00e9s de payer des frais de soumission de partition au festival. Les sections membres de la SIMC ont aussi la possibilit\u00e9 d\u2019accueillir les Journ\u00e9es mondiales de la musique contemporaine; d\u2019ailleurs, la LCC a accueilli <a href=\"https:\/\/iscm2017.ca\/home\/\" target=\"_blank\" rel=\"noopener\">les Journ\u00e9es mondiales de la musique contemporaine de la SIMC<\/a> \u00e0 Vancouver, avec la collaboration de <a href=\"https:\/\/www.musiconmain.ca\/\" target=\"_blank\" rel=\"noopener\">Music on Main<\/a>, et ce fut un grand succ\u00e8s.<\/p>\n<p>La Ligue canadienne des compositeurs a accueilli la Section canadienne de la Soci\u00e9t\u00e9 internationale pour la musique contemporaine (SIM) de 1953 \u00e0 1956, puis de 1981 \u00e0 aujourd\u2019hui. L\u2019ex\u00e9cutif de la Section canadienne se compose actuellement de :<\/p>\n<ul>\n<li>Bekah Simms, pr\u00e9sidente, Section canadienne de la SIMC<\/li>\n<li>Gordon Fitzell, vice-pr\u00e9sident, Section canadienne de la SIMC<\/li>\n<\/ul>\n<p>Pour contacter la Section canadienne de la SIMC, veuillez envoyer un courriel \u00e0 <a href=\"mailto:iscm@composition.org\">iscm@composition.org<\/a>.<\/p>\n<p>[\/et_pb_text][\/et_pb_column][et_pb_column type=\u00a0\u00bb2_5&Prime; _builder_version=\u00a0\u00bb4.19.2&Prime; _module_preset=\u00a0\u00bbdefault\u00a0\u00bb global_colors_info=\u00a0\u00bb{}\u00a0\u00bb][et_pb_image src=\u00a0\u00bbhttps:\/\/www.composition.org\/wp-content\/uploads\/2023\/04\/ISCMkleur.jpg\u00a0\u00bb title_text=\u00a0\u00bbISCMkleur\u00a0\u00bb disabled_on=\u00a0\u00bbon|off|off\u00a0\u00bb _builder_version=\u00a0\u00bb4.21.0&Prime; _module_preset=\u00a0\u00bbdefault\u00a0\u00bb global_colors_info=\u00a0\u00bb{}\u00a0\u00bb][\/et_pb_image][et_pb_text module_class=\u00a0\u00bbboxed-module\u00a0\u00bb _builder_version=\u00a0\u00bb4.19.2&Prime; _module_preset=\u00a0\u00bbdefault\u00a0\u00bb global_colors_info=\u00a0\u00bb{}\u00a0\u00bb]<\/p>\n<h3>La SIMC \u00e0 l\u2019international \u2014 <b>Qu\u2019est-ce que la SIMC ?<\/b><\/h3>\n<p>La Soci\u00e9t\u00e9 internationale pour la musique contemporaine a \u00e9t\u00e9 fond\u00e9e en 1922. Elle se compose d\u2019un Comit\u00e9 ex\u00e9cutif et d\u2019environ 55 sections nationales qui doivent chacune comporter au moins un d\u00e9l\u00e9gu\u00e9 officiel (deux dans de nombreux cas). Il existe \u00e9galement plusieurs \u00ab Sections r\u00e9gionales \u00bb, telles que celle de Gotland (Su\u00e8de) ou des Flandres (Belgique), des Membres associ\u00e9s et quelques Organisations sympathisantes. Chaque section paie une cotisation annuelle et, chaque ann\u00e9e civile, une des sections accueille les Journ\u00e9es mondiales de la musique dans son pays ou sa r\u00e9gion.<\/p>\n<p>Pour de plus amples informations au sujet de la SIMC et de son histoire, veuillez visiter son <a href=\"http:\/\/www.iscm.org\/\" target=\"_blank\" rel=\"noopener\">site Web.<\/a><\/p>\n<p>[\/et_pb_text][\/et_pb_column][\/et_pb_row][et_pb_row module_class=\u00a0\u00bbboxed-cols\u00a0\u00bb _builder_version=\u00a0\u00bb4.19.2&Prime; _module_preset=\u00a0\u00bbdefault\u00a0\u00bb global_colors_info=\u00a0\u00bb{}\u00a0\u00bb][et_pb_column type=\u00a0\u00bb4_4&Prime; _builder_version=\u00a0\u00bb4.19.2&Prime; _module_preset=\u00a0\u00bbdefault\u00a0\u00bb global_colors_info=\u00a0\u00bb{}\u00a0\u00bb][et_pb_text module_class=\u00a0\u00bbheading citron-after\u00a0\u00bb _builder_version=\u00a0\u00bb4.20.2&Prime; _module_preset=\u00a0\u00bbdefault\u00a0\u00bb global_colors_info=\u00a0\u00bb{}\u00a0\u00bb]<\/p>\n<h2>Journ\u00e9es mondiales de la musique<\/h2>\n<p>[\/et_pb_text][et_pb_text module_class=\u00a0\u00bbtwocolul\u00a0\u00bb _builder_version=\u00a0\u00bb4.20.2&Prime; _module_preset=\u00a0\u00bbdefault\u00a0\u00bb global_colors_info=\u00a0\u00bb{}\u00a0\u00bb]<\/p>\n<h3>Quel est le role de la Section canadienne ?<\/h3>\n<p>La Section canadienne a pour r\u00f4le principal de promouvoir la musique canadienne au niveau international et de communiquer aux compositeurs canadiens les r\u00e9sultats de ses activit\u00e9s. Les activit\u00e9s men\u00e9es chaque ann\u00e9e par la Section sont au minimum :<\/p>\n<ul>\n<li>R\u00e9unir un jury pour s\u00e9lectionner 6 \u0153uvres qui constitueront la \u00ab soumission nationale \u00bb \u00e0 la prochaine \u00e9dition des Journ\u00e9es mondiales de la musique. Le jury est form\u00e9 d\u2019au moins trois compositeurs canadiens choisis par la Section. Les compositions soumises doivent s\u2019accompagner d\u2019un enregistrement, et le compositeur doit avoir obtenu les droits de publier le CD promotionnel, non commercial.<\/li>\n<li>Encourager les compositeurs canadiens \u00e0 envoyer une \u00ab soumission ind\u00e9pendante \u00bb aux organisateurs des JMM en diffusant les appels d\u2019\u0153uvres par le biais des D\u00e9p\u00eaches de la LCC ou par d\u2019autres moyens.<\/li>\n<li>Participer \u00e0 l\u2019Assembl\u00e9e g\u00e9n\u00e9rale de la SIMC en envoyant au moins un d\u00e9l\u00e9gu\u00e9 \u2013 de pr\u00e9f\u00e9rence deux si possible, selon le budget, le moment et d\u2019autres facteurs.<\/li>\n<li>Aider les compositeurs canadiens qui se produisent au JMM en leur fournissant des lettres et en les aidant \u00e0 demander des bourses de voyage.<\/li>\n<li>Aider les compositeurs et diffuseurs canadiens \u00e0 \u00e9tablir des contacts avec leurs homologues d\u2019autres pays ou r\u00e9gions par l\u2019interm\u00e9diaire de leur section nationale \u00e0 la SIMC ou gr\u00e2ce aux relations que la Section canadienne a tiss\u00e9es dans le pass\u00e9. Ceci peut inclure : faciliter des rencontres, fournir des lettres de recommandation, partager de l\u2019information sur des endroits o\u00f9 r\u00e9aliser des projets musicaux ou sur des sources de financement \u00e9ventuelles.<\/li>\n<li>Organiser, avec des partenaires, les JMMC en sol canadien. Les prochaines JMMC de la SIMC seront en Vancouver en 2017, pr\u00e9sentent par la Section canadienne de la SIMC et Music on Main.<\/li>\n<\/ul>\n<p>[\/et_pb_text][\/et_pb_column][\/et_pb_row][\/et_pb_section][et_pb_section fb_built=\u00a0\u00bb1&Prime; _builder_version=\u00a0\u00bb4.19.2&Prime; _module_preset=\u00a0\u00bbdefault\u00a0\u00bb background_enable_color=\u00a0\u00bboff\u00a0\u00bb da_disable_devices=\u00a0\u00bboff|off|off\u00a0\u00bb global_colors_info=\u00a0\u00bb{}\u00a0\u00bb da_is_popup=\u00a0\u00bboff\u00a0\u00bb da_exit_intent=\u00a0\u00bboff\u00a0\u00bb da_has_close=\u00a0\u00bbon\u00a0\u00bb da_alt_close=\u00a0\u00bboff\u00a0\u00bb da_dark_close=\u00a0\u00bboff\u00a0\u00bb da_not_modal=\u00a0\u00bbon\u00a0\u00bb da_is_singular=\u00a0\u00bboff\u00a0\u00bb da_with_loader=\u00a0\u00bboff\u00a0\u00bb da_has_shadow=\u00a0\u00bbon\u00a0\u00bb][et_pb_row _builder_version=\u00a0\u00bb4.19.2&Prime; _module_preset=\u00a0\u00bbdefault\u00a0\u00bb global_colors_info=\u00a0\u00bb{}\u00a0\u00bb][et_pb_column type=\u00a0\u00bb4_4&Prime; _builder_version=\u00a0\u00bb4.19.2&Prime; _module_preset=\u00a0\u00bbdefault\u00a0\u00bb global_colors_info=\u00a0\u00bb{}\u00a0\u00bb][et_pb_text module_class=\u00a0\u00bbheading center orange-after\u00a0\u00bb _builder_version=\u00a0\u00bb4.20.2&Prime; _module_preset=\u00a0\u00bbdefault\u00a0\u00bb global_colors_info=\u00a0\u00bb{}\u00a0\u00bb]<\/p>\n<h2 style=\"text-align: center;\">Musique de la SIMC<\/h2>\n<p>[\/et_pb_text][\/et_pb_column][\/et_pb_row][et_pb_row module_class=\u00a0\u00bbnarrow70&Prime; _builder_version=\u00a0\u00bb4.20.2&Prime; _module_preset=\u00a0\u00bbdefault\u00a0\u00bb global_colors_info=\u00a0\u00bb{}\u00a0\u00bb][et_pb_column type=\u00a0\u00bb4_4&Prime; _builder_version=\u00a0\u00bb4.19.2&Prime; _module_preset=\u00a0\u00bbdefault\u00a0\u00bb global_colors_info=\u00a0\u00bb{}\u00a0\u00bb][et_pb_text _builder_version=\u00a0\u00bb4.20.2&Prime; _module_preset=\u00a0\u00bbdefault\u00a0\u00bb global_colors_info=\u00a0\u00bb{}\u00a0\u00bb]<\/p>\n<h4 style=\"text-align: center;\">Section canadienne de la SIMC \u2013 \u0152uvres s\u00e9lection\u00e9es pour 2021<\/h4>\n<p>[\/et_pb_text][et_pb_text _builder_version=\u00a0\u00bb4.20.2&Prime; _module_preset=\u00a0\u00bbdefault\u00a0\u00bb global_colors_info=\u00a0\u00bb{}\u00a0\u00bb]<iframe loading=\"lazy\" width=\"100%\" height=\"450\" scrolling=\"no\" frameborder=\"no\" allow=\"autoplay\" src=\"https:\/\/w.soundcloud.com\/player\/?url=https%3A\/\/api.soundcloud.com\/playlists\/1348709548&amp;color=%23df7653&amp;auto_play=false&amp;hide_related=false&amp;show_comments=false&amp;show_user=false&amp;show_reposts=false&amp;show_teaser=false\"><\/iframe><\/p>\n<div style=\"font-size: 10px; color: #cccccc;line-break: anywhere;word-break: normal;overflow: hidden;white-space: nowrap;text-overflow: ellipsis; font-family: Interstate,Lucida Grande,Lucida Sans Unicode,Lucida Sans,Garuda,Verdana,Tahoma,sans-serif;font-weight: 100;\"><a href=\"https:\/\/soundcloud.com\/clc-lcc\" title=\"CLC-LCC\" target=\"_blank\" style=\"color: #cccccc; text-decoration: none;\" rel=\"noopener\">CLC-LCC<\/a> \u00b7 <a href=\"https:\/\/soundcloud.com\/clc-lcc\/sets\/iscm-canadian-section-selected\" title=\"Section canadienne de la SIMC \u2013 \u0152uvres s\u00e9lection\u00e9es pour 2021\" target=\"_blank\" style=\"color: #cccccc; text-decoration: none;\" rel=\"noopener\">Section canadienne de la SIMC \u2013 \u0152uvres s\u00e9lection\u00e9es pour 2021<\/a><\/div>\n<p>[\/et_pb_text][et_pb_button button_url=\u00a0\u00bbhttps:\/\/www.composition.org\/fr\/musique-de-la-simc\/\u00a0\u00bb button_text=\u00a0\u00bbPlus de musique\u00a0\u00bb button_alignment=\u00a0\u00bbcenter\u00a0\u00bb _builder_version=\u00a0\u00bb4.20.2&Prime; _module_preset=\u00a0\u00bbdefault\u00a0\u00bb global_colors_info=\u00a0\u00bb{}\u00a0\u00bb][\/et_pb_button][\/et_pb_column][\/et_pb_row][\/et_pb_section][et_pb_section fb_built=\u00a0\u00bb1&Prime; _builder_version=\u00a0\u00bb4.19.2&Prime; _module_preset=\u00a0\u00bbdefault\u00a0\u00bb background_color=\u00a0\u00bb#f5f5f5&Prime; da_disable_devices=\u00a0\u00bboff|off|off\u00a0\u00bb global_colors_info=\u00a0\u00bb{}\u00a0\u00bb da_is_popup=\u00a0\u00bboff\u00a0\u00bb da_exit_intent=\u00a0\u00bboff\u00a0\u00bb da_has_close=\u00a0\u00bbon\u00a0\u00bb da_alt_close=\u00a0\u00bboff\u00a0\u00bb da_dark_close=\u00a0\u00bboff\u00a0\u00bb da_not_modal=\u00a0\u00bbon\u00a0\u00bb da_is_singular=\u00a0\u00bboff\u00a0\u00bb da_with_loader=\u00a0\u00bboff\u00a0\u00bb da_has_shadow=\u00a0\u00bbon\u00a0\u00bb][et_pb_row column_structure=\u00a0\u00bb3_5,2_5&Prime; _builder_version=\u00a0\u00bb4.19.2&Prime; _module_preset=\u00a0\u00bbdefault\u00a0\u00bb global_colors_info=\u00a0\u00bb{}\u00a0\u00bb][et_pb_column type=\u00a0\u00bb3_5&Prime; _builder_version=\u00a0\u00bb4.19.2&Prime; _module_preset=\u00a0\u00bbdefault\u00a0\u00bb global_colors_info=\u00a0\u00bb{}\u00a0\u00bb][et_pb_text module_class=\u00a0\u00bbheading citron-after\u00a0\u00bb _builder_version=\u00a0\u00bb4.20.2&Prime; _module_preset=\u00a0\u00bbdefault\u00a0\u00bb global_colors_info=\u00a0\u00bb{}\u00a0\u00bb]<\/p>\n<h2><span>Projet de commande pour les artistes autochtones<\/span><\/h2>\n<p>[\/et_pb_text][et_pb_text _builder_version=\u00a0\u00bb4.27.4&Prime; _module_preset=\u00a0\u00bbdefault\u00a0\u00bb global_colors_info=\u00a0\u00bb{}\u00a0\u00bb]<\/p>\n<p><span style=\"font-weight: 400;\">En 2022, la LCC et la Section canadienne de la SIMC ont lanc\u00e9 un projet de commande biannuel pour s&rsquo;assurer que les artistes autochtones travaillant en musique et\/ou en son soient inclus\u00b7es dans les soumissions de la Section canadienne de la SIMC.\u00a0<\/span><span style=\"font-weight: 400;\"> <\/span><\/p>\n<p>[\/et_pb_text][et_pb_button button_url=\u00a0\u00bbhttps:\/\/www.composition.org\/fr\/projet-de-commande-pour-les-artistes-autochtones\/\u00a0\u00bb button_text=\u00a0\u00bbPlus d&rsquo;informations ici !\u00a0\u00bb button_alignment=\u00a0\u00bbleft\u00a0\u00bb button_alignment_tablet=\u00a0\u00bbleft\u00a0\u00bb button_alignment_phone=\u00a0\u00bbcenter\u00a0\u00bb button_alignment_last_edited=\u00a0\u00bbon|phone\u00a0\u00bb _builder_version=\u00a0\u00bb4.21.0&Prime; _module_preset=\u00a0\u00bbdefault\u00a0\u00bb global_colors_info=\u00a0\u00bb{}\u00a0\u00bb][\/et_pb_button][\/et_pb_column][et_pb_column type=\u00a0\u00bb2_5&Prime; _builder_version=\u00a0\u00bb4.19.2&Prime; _module_preset=\u00a0\u00bbdefault\u00a0\u00bb global_colors_info=\u00a0\u00bb{}\u00a0\u00bb][et_pb_image src=\u00a0\u00bbhttps:\/\/www.composition.org\/wp-content\/uploads\/2023\/06\/09-23-22_queering_the_air-38.jpg\u00a0\u00bb title_text=\u00a0\u00bb09-23-22_queering_the_air-38&Prime; _builder_version=\u00a0\u00bb4.21.0&Prime; _module_preset=\u00a0\u00bbdefault\u00a0\u00bb global_colors_info=\u00a0\u00bb{}\u00a0\u00bb][\/et_pb_image][\/et_pb_column][\/et_pb_row][\/et_pb_section][et_pb_section fb_built=\u00a0\u00bb1&Prime; module_class=\u00a0\u00bbhome-news sub-footer-news\u00a0\u00bb _builder_version=\u00a0\u00bb4.21.0&Prime; _module_preset=\u00a0\u00bbdefault\u00a0\u00bb use_background_color_gradient=\u00a0\u00bbon\u00a0\u00bb background_color_gradient_direction=\u00a0\u00bb45deg\u00a0\u00bb background_color_gradient_stops=\u00a0\u00bb#001626 0%|rgba(0,115,216,0.66) 100%\u00a0\u00bb background_color_gradient_overlays_image=\u00a0\u00bbon\u00a0\u00bb background_image=\u00a0\u00bbhttps:\/\/www.composition.org\/wp-content\/uploads\/2023\/03\/CLC-Curls-e1678378703940.jpg\u00a0\u00bb background_size=\u00a0\u00bbcontain\u00a0\u00bb background_position=\u00a0\u00bbcenter_right\u00a0\u00bb background_horizontal_offset=\u00a0\u00bb0%\u00a0\u00bb top_divider_style=\u00a0\u00bbslant\u00a0\u00bb top_divider_color=\u00a0\u00bb#f7f7f7&Prime; top_divider_height=\u00a0\u00bb70px\u00a0\u00bb top_divider_flip=\u00a0\u00bbhorizontal\u00a0\u00bb bottom_divider_style=\u00a0\u00bbslant\u00a0\u00bb bottom_divider_color=\u00a0\u00bb#000000&Prime; da_disable_devices=\u00a0\u00bboff|off|off\u00a0\u00bb locked=\u00a0\u00bboff\u00a0\u00bb global_colors_info=\u00a0\u00bb{}\u00a0\u00bb da_is_popup=\u00a0\u00bboff\u00a0\u00bb da_exit_intent=\u00a0\u00bboff\u00a0\u00bb da_has_close=\u00a0\u00bbon\u00a0\u00bb da_alt_close=\u00a0\u00bboff\u00a0\u00bb da_dark_close=\u00a0\u00bboff\u00a0\u00bb da_not_modal=\u00a0\u00bbon\u00a0\u00bb da_is_singular=\u00a0\u00bboff\u00a0\u00bb da_with_loader=\u00a0\u00bboff\u00a0\u00bb da_has_shadow=\u00a0\u00bbon\u00a0\u00bb][et_pb_row _builder_version=\u00a0\u00bb4.19.2&Prime; _module_preset=\u00a0\u00bbdefault\u00a0\u00bb animation_style=\u00a0\u00bbslide\u00a0\u00bb animation_direction=\u00a0\u00bbbottom\u00a0\u00bb animation_intensity_slide=\u00a0\u00bb20%\u00a0\u00bb animation_starting_opacity=\u00a0\u00bb50%\u00a0\u00bb global_colors_info=\u00a0\u00bb{}\u00a0\u00bb][et_pb_column type=\u00a0\u00bb4_4&Prime; _builder_version=\u00a0\u00bb4.19.2&Prime; _module_preset=\u00a0\u00bbdefault\u00a0\u00bb global_colors_info=\u00a0\u00bb{}\u00a0\u00bb][et_pb_blog fullwidth=\u00a0\u00bboff\u00a0\u00bb posts_number=\u00a0\u00bb3&Prime; include_categories=\u00a0\u00bb65&Prime; excerpt_length=\u00a0\u00bb100&Prime; show_more=\u00a0\u00bbon\u00a0\u00bb show_author=\u00a0\u00bboff\u00a0\u00bb show_categories=\u00a0\u00bboff\u00a0\u00bb show_pagination=\u00a0\u00bboff\u00a0\u00bb module_class=\u00a0\u00bbblog-grid-images et_blog_grid_equal_height\u00a0\u00bb _builder_version=\u00a0\u00bb4.21.0&Prime; _module_preset=\u00a0\u00bbdefault\u00a0\u00bb global_colors_info=\u00a0\u00bb{}\u00a0\u00bb][\/et_pb_blog][et_pb_button button_text=\u00a0\u00bbPlus de nouvelles\u00a0\u00bb button_alignment=\u00a0\u00bbcenter\u00a0\u00bb module_class=\u00a0\u00bbbutton-dark\u00a0\u00bb _builder_version=\u00a0\u00bb4.19.2&Prime; _module_preset=\u00a0\u00bbdefault\u00a0\u00bb global_colors_info=\u00a0\u00bb{}\u00a0\u00bb][\/et_pb_button][\/et_pb_column][\/et_pb_row][\/et_pb_section]<\/p>\n","protected":false},"excerpt":{"rendered":"<p>La Ligue canadienne des compositeurs administre la section canadienne officielle de la SIMCUne partie du mandat de la Ligue canadienne des compositeurs est de d\u00e9fendre les int\u00e9r\u00eats des compositrices et compositeurs \u00e0 l\u2019\u00e9chelle nationale et internationale. Notre comit\u00e9 de la SIMC fait office de section canadienne de la Soci\u00e9t\u00e9 internationale pour la musique contemporaine et [&hellip;]<\/p>\n","protected":false},"author":1,"featured_media":0,"parent":0,"menu_order":0,"comment_status":"closed","ping_status":"closed","template":"","meta":{"_acf_changed":false,"_et_pb_use_builder":"on","_et_pb_old_content":"","_et_gb_content_width":"","footnotes":""},"class_list":["post-8810","page","type-page","status-publish","hentry"],"acf":[],"_links":{"self":[{"href":"https:\/\/www.composition.org\/fr\/wp-json\/wp\/v2\/pages\/8810","targetHints":{"allow":["GET"]}}],"collection":[{"href":"https:\/\/www.composition.org\/fr\/wp-json\/wp\/v2\/pages"}],"about":[{"href":"https:\/\/www.composition.org\/fr\/wp-json\/wp\/v2\/types\/page"}],"author":[{"embeddable":true,"href":"https:\/\/www.composition.org\/fr\/wp-json\/wp\/v2\/users\/1"}],"replies":[{"embeddable":true,"href":"https:\/\/www.composition.org\/fr\/wp-json\/wp\/v2\/comments?post=8810"}],"version-history":[{"count":5,"href":"https:\/\/www.composition.org\/fr\/wp-json\/wp\/v2\/pages\/8810\/revisions"}],"predecessor-version":[{"id":11122,"href":"https:\/\/www.composition.org\/fr\/wp-json\/wp\/v2\/pages\/8810\/revisions\/11122"}],"wp:attachment":[{"href":"https:\/\/www.composition.org\/fr\/wp-json\/wp\/v2\/media?parent=8810"}],"curies":[{"name":"wp","href":"https:\/\/api.w.org\/{rel}","templated":true}]}}