{"id":8800,"date":"2023-05-24T07:07:16","date_gmt":"2023-05-24T11:07:16","guid":{"rendered":"https:\/\/www.composition.org\/prod\/salons-de-la-composition\/"},"modified":"2023-07-18T14:47:10","modified_gmt":"2023-07-18T22:47:10","slug":"salons-de-la-composition","status":"publish","type":"page","link":"https:\/\/www.composition.org\/fr\/programmes\/salons-de-la-composition\/","title":{"rendered":"Salons de la composition"},"content":{"rendered":"<p>[et_pb_section fb_built=\u00a0\u00bb1&Prime; _builder_version=\u00a0\u00bb4.20.2&Prime; _module_preset=\u00a0\u00bbdefault\u00a0\u00bb background_color=\u00a0\u00bb#f7f7f7&Prime; global_colors_info=\u00a0\u00bb{}\u00a0\u00bb][et_pb_row _builder_version=\u00a0\u00bb4.21.0&Prime; _module_preset=\u00a0\u00bbdefault\u00a0\u00bb module_class=\u00a0\u00bbnarrow70&Prime; hover_enabled=\u00a0\u00bb0&Prime; sticky_enabled=\u00a0\u00bb0&Prime;][et_pb_column _builder_version=\u00a0\u00bb4.21.0&Prime; _module_preset=\u00a0\u00bbdefault\u00a0\u00bb type=\u00a0\u00bb4_4&Prime;][et_pb_text _builder_version=\u00a0\u00bb4.21.0&Prime; _module_preset=\u00a0\u00bbdefault\u00a0\u00bb hover_enabled=\u00a0\u00bb0&Prime; sticky_enabled=\u00a0\u00bb0&Prime;]<\/p>\n<p>Nouvelle initiative lanc\u00e9e en 2022-2023 en collaboration avec Array Music, les salons de la composition sont con\u00e7us pour offrir une formation sur mesure aux compositrices et compositeurs en d\u00e9but de carri\u00e8re ou \u00e9mergents qui peuvent avoir du mal \u00e0 acc\u00e9der aux ateliers traditionnels, aux s\u00e9ances de lecture \u00e0 vue et \u00e0 d\u2019autres occasions de perfectionnement professionnel.<\/p>\n<p>Lors de ces salons, on pr\u00e9sente une compositrice ou un compositeur international, puis l\u2019Array Ensemble interpr\u00e8te l\u2019une de ses \u0153uvres, vient ensuite une s\u00e9ance de lecture \u00e0 vue des \u0153uvres de quatre compositrices ou compositeurs canadiens par un groupe r\u00e9duit de l\u2019Array Ensemble; puis un temps est permis pour les discussions sociales.<\/p>\n<p>Ces salons ont lieu \u00e0 l\u2019Array Space au centre-ville de Toronto, et sont \u00e9galement pr\u00e9sent\u00e9s en ligne pour ceux et celles qui veulent participer, mais ne sont pas dans la r\u00e9gion. Les s\u00e9ances sont aussi enregistr\u00e9es pour que les participants puissent les consulter \u00e0 leur guise \u00e0 des fins non commerciales.<\/p>\n<p>&nbsp;<\/p>\n<h2 style=\"text-align: center;\">Revenez ici pour plus de d\u00e9tails sur les salons 2023-24 !<\/h2>\n<p>[\/et_pb_text][\/et_pb_column][\/et_pb_row][\/et_pb_section][et_pb_section fb_built=\u00a0\u00bb1&Prime; module_class=\u00a0\u00bbhome-news sub-footer-news\u00a0\u00bb _builder_version=\u00a0\u00bb4.21.0&Prime; _module_preset=\u00a0\u00bbdefault\u00a0\u00bb use_background_color_gradient=\u00a0\u00bbon\u00a0\u00bb background_color_gradient_direction=\u00a0\u00bb45deg\u00a0\u00bb background_color_gradient_stops=\u00a0\u00bb#001626 0%|rgba(0,115,216,0.66) 100%\u00a0\u00bb background_color_gradient_overlays_image=\u00a0\u00bbon\u00a0\u00bb background_image=\u00a0\u00bbhttps:\/\/www.composition.org\/wp-content\/uploads\/2023\/03\/CLC-Curls-e1678378703940.jpg\u00a0\u00bb background_size=\u00a0\u00bbcontain\u00a0\u00bb background_position=\u00a0\u00bbcenter_right\u00a0\u00bb background_horizontal_offset=\u00a0\u00bb0%\u00a0\u00bb top_divider_style=\u00a0\u00bbslant\u00a0\u00bb top_divider_color=\u00a0\u00bb#f7f7f7&Prime; top_divider_height=\u00a0\u00bb70px\u00a0\u00bb top_divider_flip=\u00a0\u00bbhorizontal\u00a0\u00bb bottom_divider_style=\u00a0\u00bbslant\u00a0\u00bb bottom_divider_color=\u00a0\u00bb#000000&Prime; global_module=\u00a0\u00bb1301&Prime; locked=\u00a0\u00bboff\u00a0\u00bb global_colors_info=\u00a0\u00bb{}\u00a0\u00bb][et_pb_row _builder_version=\u00a0\u00bb4.19.2&Prime; _module_preset=\u00a0\u00bbdefault\u00a0\u00bb animation_style=\u00a0\u00bbslide\u00a0\u00bb animation_direction=\u00a0\u00bbbottom\u00a0\u00bb animation_intensity_slide=\u00a0\u00bb20%\u00a0\u00bb animation_starting_opacity=\u00a0\u00bb50%\u00a0\u00bb global_colors_info=\u00a0\u00bb{}\u00a0\u00bb][et_pb_column type=\u00a0\u00bb4_4&Prime; _builder_version=\u00a0\u00bb4.19.2&Prime; _module_preset=\u00a0\u00bbdefault\u00a0\u00bb global_colors_info=\u00a0\u00bb{}\u00a0\u00bb][et_pb_blog fullwidth=\u00a0\u00bboff\u00a0\u00bb posts_number=\u00a0\u00bb3&Prime; include_categories=\u00a0\u00bb3&Prime; show_more=\u00a0\u00bbon\u00a0\u00bb show_author=\u00a0\u00bboff\u00a0\u00bb show_categories=\u00a0\u00bboff\u00a0\u00bb show_pagination=\u00a0\u00bboff\u00a0\u00bb module_class=\u00a0\u00bbblog-grid-images et_blog_grid_equal_height\u00a0\u00bb _builder_version=\u00a0\u00bb4.19.2&Prime; _module_preset=\u00a0\u00bbdefault\u00a0\u00bb global_colors_info=\u00a0\u00bb{}\u00a0\u00bb][\/et_pb_blog][et_pb_button button_text=\u00a0\u00bbPlus de nouvelles\u00a0\u00bb button_alignment=\u00a0\u00bbcenter\u00a0\u00bb module_class=\u00a0\u00bbbutton-dark\u00a0\u00bb _builder_version=\u00a0\u00bb4.19.2&Prime; _module_preset=\u00a0\u00bbdefault\u00a0\u00bb global_colors_info=\u00a0\u00bb{}\u00a0\u00bb][\/et_pb_button][\/et_pb_column][\/et_pb_row][\/et_pb_section]<\/p>\n","protected":false},"excerpt":{"rendered":"<p>Nouvelle initiative lanc\u00e9e en 2022-2023 en collaboration avec Array Music, les salons de la composition sont con\u00e7us pour offrir une formation sur mesure aux compositrices et compositeurs en d\u00e9but de carri\u00e8re ou \u00e9mergents qui peuvent avoir du mal \u00e0 acc\u00e9der aux ateliers traditionnels, aux s\u00e9ances de lecture \u00e0 vue et \u00e0 d\u2019autres occasions de perfectionnement [&hellip;]<\/p>\n","protected":false},"author":1,"featured_media":0,"parent":8806,"menu_order":0,"comment_status":"closed","ping_status":"closed","template":"","meta":{"_acf_changed":false,"_et_pb_use_builder":"on","_et_pb_old_content":"","_et_gb_content_width":"","footnotes":""},"class_list":["post-8800","page","type-page","status-publish","hentry"],"acf":[],"_links":{"self":[{"href":"https:\/\/www.composition.org\/fr\/wp-json\/wp\/v2\/pages\/8800","targetHints":{"allow":["GET"]}}],"collection":[{"href":"https:\/\/www.composition.org\/fr\/wp-json\/wp\/v2\/pages"}],"about":[{"href":"https:\/\/www.composition.org\/fr\/wp-json\/wp\/v2\/types\/page"}],"author":[{"embeddable":true,"href":"https:\/\/www.composition.org\/fr\/wp-json\/wp\/v2\/users\/1"}],"replies":[{"embeddable":true,"href":"https:\/\/www.composition.org\/fr\/wp-json\/wp\/v2\/comments?post=8800"}],"version-history":[{"count":5,"href":"https:\/\/www.composition.org\/fr\/wp-json\/wp\/v2\/pages\/8800\/revisions"}],"predecessor-version":[{"id":8805,"href":"https:\/\/www.composition.org\/fr\/wp-json\/wp\/v2\/pages\/8800\/revisions\/8805"}],"up":[{"embeddable":true,"href":"https:\/\/www.composition.org\/fr\/wp-json\/wp\/v2\/pages\/8806"}],"wp:attachment":[{"href":"https:\/\/www.composition.org\/fr\/wp-json\/wp\/v2\/media?parent=8800"}],"curies":[{"name":"wp","href":"https:\/\/api.w.org\/{rel}","templated":true}]}}