{"id":8561,"date":"2023-03-27T19:13:04","date_gmt":"2023-03-27T23:13:04","guid":{"rendered":"https:\/\/www.composition.org\/prod\/projet-de-commande-pour-les-artistes-autochtones\/"},"modified":"2025-02-27T20:07:08","modified_gmt":"2025-02-28T00:07:08","slug":"projet-de-commande-pour-les-artistes-autochtones","status":"publish","type":"page","link":"https:\/\/www.composition.org\/fr\/programmes\/projet-de-commande-pour-les-artistes-autochtones\/","title":{"rendered":"Projet de commande pour les artistes autochtones"},"content":{"rendered":"<p>[et_pb_section fb_built=\u00a0\u00bb1&Prime; _builder_version=\u00a0\u00bb4.19.2&Prime; _module_preset=\u00a0\u00bbdefault\u00a0\u00bb background_color=\u00a0\u00bb#f5f5f5&Prime; global_colors_info=\u00a0\u00bb{}\u00a0\u00bb da_is_popup=\u00a0\u00bboff\u00a0\u00bb da_exit_intent=\u00a0\u00bboff\u00a0\u00bb da_has_close=\u00a0\u00bbon\u00a0\u00bb da_alt_close=\u00a0\u00bboff\u00a0\u00bb da_dark_close=\u00a0\u00bboff\u00a0\u00bb da_not_modal=\u00a0\u00bbon\u00a0\u00bb da_is_singular=\u00a0\u00bboff\u00a0\u00bb da_with_loader=\u00a0\u00bboff\u00a0\u00bb da_has_shadow=\u00a0\u00bbon\u00a0\u00bb da_disable_devices=\u00a0\u00bboff|off|off\u00a0\u00bb][et_pb_row module_class=\u00a0\u00bbnarrow70&Prime; _builder_version=\u00a0\u00bb4.20.2&Prime; _module_preset=\u00a0\u00bbdefault\u00a0\u00bb global_colors_info=\u00a0\u00bb{}\u00a0\u00bb][et_pb_column type=\u00a0\u00bb4_4&Prime; _builder_version=\u00a0\u00bb4.19.2&Prime; _module_preset=\u00a0\u00bbdefault\u00a0\u00bb global_colors_info=\u00a0\u00bb{}\u00a0\u00bb][et_pb_text module_class=\u00a0\u00bbheading center citron-after\u00a0\u00bb _builder_version=\u00a0\u00bb4.20.2&Prime; _module_preset=\u00a0\u00bbdefault\u00a0\u00bb global_colors_info=\u00a0\u00bb{}\u00a0\u00bb]<\/p>\n<h2 style=\"text-align: center;\">la Soci\u00e9t\u00e9 internationale pour la musique contemporaine<br \/>et les Journ\u00e9es mondiales de la musique contemporaine<\/h2>\n<p>[\/et_pb_text][et_pb_text _builder_version=\u00a0\u00bb4.27.4&Prime; _module_preset=\u00a0\u00bbdefault\u00a0\u00bb hover_enabled=\u00a0\u00bb0&Prime; global_colors_info=\u00a0\u00bb{}\u00a0\u00bb sticky_enabled=\u00a0\u00bb0&Prime;]<\/p>\n<p><span style=\"font-weight: 400;\">la<\/span> <a href=\"https:\/\/iscm.org\/\" target=\"_blank\" rel=\"noopener\"><span style=\"font-weight: 400;\">Soci\u00e9t\u00e9 internationale pour la musique contemporaine<\/span><\/a><span style=\"font-weight: 400;\"> (SIMC) est un r\u00e9seau mondial de membres provenant de plus de 50 pays et de 60 sections vou\u00e9s \u00e0 la pr\u00e9sentation et \u00e0 l\u2019avancement de la musique contemporaine. Ces personnes ont pour mandat de promouvoir la musique contemporaine au sein de leurs nations et d\u2019offrir des occasions aux cr\u00e9ateurs et cr\u00e9atrices de pr\u00e9senter leur travail \u00e0 l\u2019\u00e9chelle internationale.<\/span><\/p>\n<p><span style=\"font-weight: 400;\">La SIMC organise un festival annuel, les Journ\u00e9es mondiales de la musique nouvelle, qui met de l&rsquo;avant des compositaires et cr\u00e9ateurices provenant des diff\u00e9rentes sections de la SIMC. Le festival est organis\u00e9 par un pays d&rsquo;accueil diff\u00e9rent chaque ann\u00e9e; <\/span><span style=\"font-weight: 400;\">\u00a0<a href=\"https:\/\/www.misomusic.me\/iscm-wnmd2025-portugal\" target=\"_blank\" rel=\"noopener\">la prochaine \u00e9dition aura lieu \u00e0 Lisbonne et Porto au Portugal du 30 mai au 7 juin 2025<\/a>.\u00a0<\/span><\/p>\n<p><span style=\"font-weight: 400;\">Les compositaires canadienx et immigranx admix peuvent soumettre leurs \u0153uvres au festival par le biais de l\u2019appel d\u2019\u0153uvres de la Section canadienne. Un jury s\u00e9lectionnera six compositions qui seront soumises au pays h\u00f4te; au moins une d\u2019entre elles sera pr\u00e9sent\u00e9e au festival. Il s\u2019agit d\u2019une occasion unique pour les membres de la LCC de faire reconna\u00eetre leur travail dans un festival international aux c\u00f4t\u00e9s de compositrices et compositeurs du monde entier. Les personnes s\u00e9lectionn\u00e9es doivent devenir membres de la LCC.<\/span><\/p>\n<p>[\/et_pb_text][\/et_pb_column][\/et_pb_row][\/et_pb_section][et_pb_section fb_built=\u00a0\u00bb1&Prime; _builder_version=\u00a0\u00bb4.19.2&Prime; _module_preset=\u00a0\u00bbdefault\u00a0\u00bb global_colors_info=\u00a0\u00bb{}\u00a0\u00bb da_is_popup=\u00a0\u00bboff\u00a0\u00bb da_exit_intent=\u00a0\u00bboff\u00a0\u00bb da_has_close=\u00a0\u00bbon\u00a0\u00bb da_alt_close=\u00a0\u00bboff\u00a0\u00bb da_dark_close=\u00a0\u00bboff\u00a0\u00bb da_not_modal=\u00a0\u00bbon\u00a0\u00bb da_is_singular=\u00a0\u00bboff\u00a0\u00bb da_with_loader=\u00a0\u00bboff\u00a0\u00bb da_has_shadow=\u00a0\u00bbon\u00a0\u00bb da_disable_devices=\u00a0\u00bboff|off|off\u00a0\u00bb][et_pb_row module_class=\u00a0\u00bbnarrow70&Prime; _builder_version=\u00a0\u00bb4.20.2&Prime; _module_preset=\u00a0\u00bbdefault\u00a0\u00bb global_colors_info=\u00a0\u00bb{}\u00a0\u00bb][et_pb_column type=\u00a0\u00bb4_4&Prime; _builder_version=\u00a0\u00bb4.19.2&Prime; _module_preset=\u00a0\u00bbdefault\u00a0\u00bb global_colors_info=\u00a0\u00bb{}\u00a0\u00bb][et_pb_text module_class=\u00a0\u00bbheading center orange-after\u00a0\u00bb _builder_version=\u00a0\u00bb4.20.2&Prime; _module_preset=\u00a0\u00bbdefault\u00a0\u00bb global_colors_info=\u00a0\u00bb{}\u00a0\u00bb]<\/p>\n<h2>Projet de commande de la SIMC pour les artistes autochtones<\/h2>\n<p>[\/et_pb_text][et_pb_text _builder_version=\u00a0\u00bb4.27.4&Prime; _module_preset=\u00a0\u00bbdefault\u00a0\u00bb hover_enabled=\u00a0\u00bb0&Prime; global_colors_info=\u00a0\u00bb{}\u00a0\u00bb sticky_enabled=\u00a0\u00bb0&Prime;]<\/p>\n<p><span style=\"font-weight: 400;\">\u00c0 chaque 2 ans, la Section canadienne de la SIMC commande une nouvelle \u0153uvre \u00e0 un\u00b7e artiste autochtone travaillant en music et\/ou en son. Les artistes s\u00e9lectionn\u00e9\u00b7es re\u00e7oivent:\u00a0<\/span><\/p>\n<p><span style=\"font-weight: 400;\"><\/span><\/p>\n<ul>\n<li style=\"font-weight: 400;\" aria-level=\"1\"><span style=\"font-weight: 400;\">un cachet de commande conform\u00e9ment aux tarifs de commande la LCC pour une \u0153uvre de 10 minutes pour piano solo avec ou sans \u00e9lectroniques (peut \u00eatre pour un\u00b7e compositaire-interpr\u00e8te);<\/span><\/li>\n<li style=\"font-weight: 400;\" aria-level=\"1\"><span style=\"font-weight: 400;\">une prestation publique de l&rsquo;\u0153uvre command\u00e9e et un enregistrement de haute qualit\u00e9;<\/span><\/li>\n<li style=\"font-weight: 400;\" aria-level=\"1\"><span style=\"font-weight: 400;\">l&rsquo;inclusion automatique de l&rsquo;\u0153uvre command\u00e9e parmi les six \u0153uvres soumises par la Section canadienne aux Journ\u00e9es mondiales de la musique nouvelle. L&rsquo;\u0153uvre pourra ensuite \u00eatre s\u00e9lectionn\u00e9e par le pays h\u00f4te dans leur festival.\u00a0<\/span><\/li>\n<\/ul>\n<p>[\/et_pb_text][\/et_pb_column][\/et_pb_row][et_pb_row column_structure=\u00a0\u00bb1_2,1_2&Prime; module_class=\u00a0\u00bbnarrow70 nopad-bottom nopad-top\u00a0\u00bb _builder_version=\u00a0\u00bb4.20.2&Prime; _module_preset=\u00a0\u00bbdefault\u00a0\u00bb global_colors_info=\u00a0\u00bb{}\u00a0\u00bb][et_pb_column type=\u00a0\u00bb1_2&Prime; _builder_version=\u00a0\u00bb4.19.2&Prime; _module_preset=\u00a0\u00bbdefault\u00a0\u00bb global_colors_info=\u00a0\u00bb{}\u00a0\u00bb][et_pb_text _builder_version=\u00a0\u00bb4.19.2&Prime; _module_preset=\u00a0\u00bbdefault\u00a0\u00bb global_colors_info=\u00a0\u00bb{}\u00a0\u00bb]<\/p>\n<p><span style=\"font-weight: 400;\">La premi\u00e8re version de ce projet a \u00e9t\u00e9 lanc\u00e9e en partenariat avec le Centre de musique canadienne Colombie-Britannique. La compositrice et violoncelliste Cris Derksen a re\u00e7u une commande pour cr\u00e9er une nouvelle \u0153uvre pour piano et \u00e9lectroniques qui fut par la suite pr\u00e9sent\u00e9e en premi\u00e8re par l&rsquo;excellente pianiste sp\u00e9cialis\u00e9e en musique contemporaine Rachel Kiyo Iwaasa \u00e0 \u00ab Queering the Air \u00bb \u00e0 la galerie Sum \u00e0 Vancouver.\u00a0 Sa pi\u00e8ce, \u00ab the bells \u00bb, a \u00e9t\u00e9 incluse dans la soumission officielle de la Section canadienne de la SIMC aux Journ\u00e9es mondiales de la musique nouvelle \u00e0 Johannesbourg et Cape Town en Afrique du Sud.\u00a0<\/span><\/p>\n<p>[\/et_pb_text][\/et_pb_column][et_pb_column type=\u00a0\u00bb1_2&Prime; _builder_version=\u00a0\u00bb4.19.2&Prime; _module_preset=\u00a0\u00bbdefault\u00a0\u00bb global_colors_info=\u00a0\u00bb{}\u00a0\u00bb][et_pb_image src=\u00a0\u00bbhttps:\/\/www.composition.org\/wp-content\/uploads\/2023\/05\/clc_commissioning_indigenous.jpg\u00a0\u00bb title_text=\u00a0\u00bbclc_commissioning_indigenous\u00a0\u00bb _builder_version=\u00a0\u00bb4.21.0&Prime; _module_preset=\u00a0\u00bbdefault\u00a0\u00bb global_colors_info=\u00a0\u00bb{}\u00a0\u00bb][\/et_pb_image][\/et_pb_column][\/et_pb_row][et_pb_row module_class=\u00a0\u00bbnarrow70&Prime; _builder_version=\u00a0\u00bb4.20.2&Prime; _module_preset=\u00a0\u00bbdefault\u00a0\u00bb global_colors_info=\u00a0\u00bb{}\u00a0\u00bb custom_margin=\u00a0\u00bb-43px|auto||auto||\u00a0\u00bb][et_pb_column type=\u00a0\u00bb4_4&Prime; _builder_version=\u00a0\u00bb4.19.2&Prime; _module_preset=\u00a0\u00bbdefault\u00a0\u00bb global_colors_info=\u00a0\u00bb{}\u00a0\u00bb][et_pb_text _builder_version=\u00a0\u00bb4.27.4&Prime; _module_preset=\u00a0\u00bbdefault\u00a0\u00bb hover_enabled=\u00a0\u00bb0&Prime; global_colors_info=\u00a0\u00bb{}\u00a0\u00bb sticky_enabled=\u00a0\u00bb0&Prime;]<\/p>\n<p><span>En juin 2023, nous \u00e9tions heureuxes d&rsquo;apprendre que \u00ab the bells \u00bb avait \u00e9t\u00e9 s\u00e9lectionn\u00e9e \u00e0 pour l&rsquo;\u00e9dition 2023 des Journ\u00e9es mondiales de la musique nouvelle afin de repr\u00e9senter la Section canadienne au festival. Cliquez ici pour entendre Rachel Kiyo Iwaasa interpr\u00e9ter \u00ab the bells \u00bb.\u00a0<\/span><\/p>\n<p><span>\u00c0 l&rsquo;automne 2024, la compositeur pied-noir <\/span><a href=\"https:\/\/sonnyraydayrider.com\/\" target=\"_blank\" rel=\"noopener\"><span>Sonny-Ray Day Rider<\/span><\/a><span> a re\u00e7u une commande pour composer une nouvelle \u0153uvre pour piano solo. Cette pi\u00e8ce sera jou\u00e9e en premi\u00e8re et enregistr\u00e9e par Wesley Shen \u00e0 la fin 2025\/ d\u00e9but 2026 au Centre de musique canadienne \u00e0 Toronto, et sera incluse dans la soumission officielle de la Section canadienne de la SIMC pour l&rsquo;\u00e9dition 2027 des Journ\u00e9es mondiales de la musique nouvelle (lieu \u00e0 confirmer).\u00a0<\/span><\/p>\n<p><span>Pour les prochaines \u00e9ditions, l&rsquo;artiste autochtone qui recevra une commande sera s\u00e9lectionn\u00e9\u00b7e par un comit\u00e9, r\u00e9uni par la LCC, constitu\u00e9 de trois cr\u00e9ateurices musicauxes autochtones, incluant la\u00b7e compositaire pr\u00e9alablement s\u00e9lectionn\u00e9\u00b7e.<\/span><span><\/span><\/p>\n<p><span style=\"font-weight: 400;\">Ce projet contribuera \u00e0 promouvoir les artistes autochtones au Canada, en leur donnant l\u2019occasion de cr\u00e9er une nouvelle \u0153uvre qui sera jou\u00e9e et enregistr\u00e9e, ainsi que la possibilit\u00e9 d\u2019une repr\u00e9sentation internationale dans le cadre des Journ\u00e9es mondiales de la musique nouvelle de la SIMC.<\/span><\/p>\n<p>[\/et_pb_text][\/et_pb_column][\/et_pb_row][\/et_pb_section][et_pb_section fb_built=\u00a0\u00bb1&Prime; _builder_version=\u00a0\u00bb4.19.2&Prime; _module_preset=\u00a0\u00bbdefault\u00a0\u00bb background_color=\u00a0\u00bb#f5f5f5&Prime; global_colors_info=\u00a0\u00bb{}\u00a0\u00bb da_is_popup=\u00a0\u00bboff\u00a0\u00bb da_exit_intent=\u00a0\u00bboff\u00a0\u00bb da_has_close=\u00a0\u00bbon\u00a0\u00bb da_alt_close=\u00a0\u00bboff\u00a0\u00bb da_dark_close=\u00a0\u00bboff\u00a0\u00bb da_not_modal=\u00a0\u00bbon\u00a0\u00bb da_is_singular=\u00a0\u00bboff\u00a0\u00bb da_with_loader=\u00a0\u00bboff\u00a0\u00bb da_has_shadow=\u00a0\u00bbon\u00a0\u00bb da_disable_devices=\u00a0\u00bboff|off|off\u00a0\u00bb][et_pb_row column_structure=\u00a0\u00bb1_2,1_2&Prime; module_class=\u00a0\u00bbnarrow60 boxed-cols bottom-buttons\u00a0\u00bb _builder_version=\u00a0\u00bb4.20.2&Prime; _module_preset=\u00a0\u00bbdefault\u00a0\u00bb global_colors_info=\u00a0\u00bb{}\u00a0\u00bb][et_pb_column type=\u00a0\u00bb1_2&Prime; _builder_version=\u00a0\u00bb4.19.2&Prime; _module_preset=\u00a0\u00bbdefault\u00a0\u00bb global_colors_info=\u00a0\u00bb{}\u00a0\u00bb][et_pb_text _builder_version=\u00a0\u00bb4.20.2&Prime; _module_preset=\u00a0\u00bbdefault\u00a0\u00bb global_colors_info=\u00a0\u00bb{}\u00a0\u00bb]<\/p>\n<h3 style=\"text-align: center;\">Vous souhaitez vous associer \u00e0 la LCC pour les \u00e9ditions futures de ce projet?<\/h3>\n<p>[\/et_pb_text][et_pb_text _builder_version=\u00a0\u00bb4.19.2&Prime; _module_preset=\u00a0\u00bbdefault\u00a0\u00bb global_colors_info=\u00a0\u00bb{}\u00a0\u00bb]<\/p>\n<p><span style=\"font-weight: 400;\">Nous invitons les diffuseurs int\u00e9ress\u00e9s \u00e0 s\u2019associer \u00e0 la LCC pour le projet de commande de 2024, ainsi que les artistes autochtones de la musique ou du son qui souhaitent poser leur candidature, \u00e0 communiquer avec nous.<\/span><\/p>\n<p>[\/et_pb_text][et_pb_button button_url=\u00a0\u00bbhttps:\/\/www.composition.org\/fr\/nous-joindre\/\u00a0\u00bb button_text=\u00a0\u00bbNous contacter\u00a0\u00bb button_alignment=\u00a0\u00bbcenter\u00a0\u00bb _builder_version=\u00a0\u00bb4.21.0&Prime; _module_preset=\u00a0\u00bbdefault\u00a0\u00bb global_colors_info=\u00a0\u00bb{}\u00a0\u00bb][\/et_pb_button][\/et_pb_column][et_pb_column type=\u00a0\u00bb1_2&Prime; _builder_version=\u00a0\u00bb4.19.2&Prime; _module_preset=\u00a0\u00bbdefault\u00a0\u00bb global_colors_info=\u00a0\u00bb{}\u00a0\u00bb][et_pb_text _builder_version=\u00a0\u00bb4.19.2&Prime; _module_preset=\u00a0\u00bbdefault\u00a0\u00bb global_colors_info=\u00a0\u00bb{}\u00a0\u00bb]<\/p>\n<h3 style=\"text-align: center;\">Nous contacter<\/h3>\n<p>[\/et_pb_text][et_pb_text _builder_version=\u00a0\u00bb4.19.2&Prime; _module_preset=\u00a0\u00bbdefault\u00a0\u00bb global_colors_info=\u00a0\u00bb{}\u00a0\u00bb]<\/p>\n<p>Si vous souhaitez appuyer des projets tels que ce projet provisoire de commande afin d\u2019aider \u00e0 faire conna\u00eetre les artistes autochtones sur la sc\u00e8ne internationale, faites un don \u00e0 la LCC.<\/p>\n<p>[\/et_pb_text][et_pb_button button_url=\u00a0\u00bbhttps:\/\/www.composition.org\/fr\/faites-un-don\/\u00a0\u00bb button_text=\u00a0\u00bbFaire un don\u00a0\u00bb button_alignment=\u00a0\u00bbcenter\u00a0\u00bb _builder_version=\u00a0\u00bb4.21.0&Prime; _module_preset=\u00a0\u00bbdefault\u00a0\u00bb global_colors_info=\u00a0\u00bb{}\u00a0\u00bb][\/et_pb_button][\/et_pb_column][\/et_pb_row][\/et_pb_section][et_pb_section fb_built=\u00a0\u00bb1&Prime; module_class=\u00a0\u00bbhome-news sub-footer-news\u00a0\u00bb _builder_version=\u00a0\u00bb4.21.0&Prime; _module_preset=\u00a0\u00bbdefault\u00a0\u00bb use_background_color_gradient=\u00a0\u00bbon\u00a0\u00bb background_color_gradient_direction=\u00a0\u00bb45deg\u00a0\u00bb background_color_gradient_stops=\u00a0\u00bb#001626 0%|rgba(0,115,216,0.66) 100%\u00a0\u00bb background_color_gradient_overlays_image=\u00a0\u00bbon\u00a0\u00bb background_image=\u00a0\u00bbhttps:\/\/www.composition.org\/wp-content\/uploads\/2023\/03\/CLC-Curls-e1678378703940.jpg\u00a0\u00bb background_size=\u00a0\u00bbcontain\u00a0\u00bb background_position=\u00a0\u00bbcenter_right\u00a0\u00bb background_horizontal_offset=\u00a0\u00bb0%\u00a0\u00bb top_divider_style=\u00a0\u00bbslant\u00a0\u00bb top_divider_color=\u00a0\u00bb#f7f7f7&Prime; top_divider_height=\u00a0\u00bb70px\u00a0\u00bb top_divider_flip=\u00a0\u00bbhorizontal\u00a0\u00bb bottom_divider_style=\u00a0\u00bbslant\u00a0\u00bb bottom_divider_color=\u00a0\u00bb#000000&Prime; locked=\u00a0\u00bboff\u00a0\u00bb global_colors_info=\u00a0\u00bb{}\u00a0\u00bb da_is_popup=\u00a0\u00bboff\u00a0\u00bb da_exit_intent=\u00a0\u00bboff\u00a0\u00bb da_has_close=\u00a0\u00bbon\u00a0\u00bb da_alt_close=\u00a0\u00bboff\u00a0\u00bb da_dark_close=\u00a0\u00bboff\u00a0\u00bb da_not_modal=\u00a0\u00bbon\u00a0\u00bb da_is_singular=\u00a0\u00bboff\u00a0\u00bb da_with_loader=\u00a0\u00bboff\u00a0\u00bb da_has_shadow=\u00a0\u00bbon\u00a0\u00bb da_disable_devices=\u00a0\u00bboff|off|off\u00a0\u00bb][et_pb_row _builder_version=\u00a0\u00bb4.19.2&Prime; _module_preset=\u00a0\u00bbdefault\u00a0\u00bb animation_style=\u00a0\u00bbslide\u00a0\u00bb animation_direction=\u00a0\u00bbbottom\u00a0\u00bb animation_intensity_slide=\u00a0\u00bb20%\u00a0\u00bb animation_starting_opacity=\u00a0\u00bb50%\u00a0\u00bb global_colors_info=\u00a0\u00bb{}\u00a0\u00bb][et_pb_column type=\u00a0\u00bb4_4&Prime; _builder_version=\u00a0\u00bb4.19.2&Prime; _module_preset=\u00a0\u00bbdefault\u00a0\u00bb global_colors_info=\u00a0\u00bb{}\u00a0\u00bb][et_pb_blog fullwidth=\u00a0\u00bboff\u00a0\u00bb posts_number=\u00a0\u00bb3&Prime; include_categories=\u00a0\u00bb3&Prime; show_more=\u00a0\u00bbon\u00a0\u00bb show_author=\u00a0\u00bboff\u00a0\u00bb show_categories=\u00a0\u00bboff\u00a0\u00bb show_pagination=\u00a0\u00bboff\u00a0\u00bb module_class=\u00a0\u00bbblog-grid-images et_blog_grid_equal_height\u00a0\u00bb _builder_version=\u00a0\u00bb4.19.2&Prime; _module_preset=\u00a0\u00bbdefault\u00a0\u00bb global_colors_info=\u00a0\u00bb{}\u00a0\u00bb][\/et_pb_blog][et_pb_button button_text=\u00a0\u00bbPlus de nouvelles\u00a0\u00bb button_alignment=\u00a0\u00bbcenter\u00a0\u00bb module_class=\u00a0\u00bbbutton-dark\u00a0\u00bb _builder_version=\u00a0\u00bb4.19.2&Prime; _module_preset=\u00a0\u00bbdefault\u00a0\u00bb global_colors_info=\u00a0\u00bb{}\u00a0\u00bb][\/et_pb_button][\/et_pb_column][\/et_pb_row][\/et_pb_section]<\/p>\n","protected":false},"excerpt":{"rendered":"<p>la Soci\u00e9t\u00e9 internationale pour la musique contemporaineet les Journ\u00e9es mondiales de la musique contemporainela Soci\u00e9t\u00e9 internationale pour la musique contemporaine (SIMC) est un r\u00e9seau mondial de membres provenant de plus de 50 pays et de 60 sections vou\u00e9s \u00e0 la pr\u00e9sentation et \u00e0 l\u2019avancement de la musique contemporaine. Ces personnes ont pour mandat de promouvoir [&hellip;]<\/p>\n","protected":false},"author":1,"featured_media":0,"parent":8806,"menu_order":0,"comment_status":"closed","ping_status":"closed","template":"","meta":{"_acf_changed":false,"_et_pb_use_builder":"on","_et_pb_old_content":"","_et_gb_content_width":"","footnotes":""},"class_list":["post-8561","page","type-page","status-publish","hentry"],"acf":[],"_links":{"self":[{"href":"https:\/\/www.composition.org\/fr\/wp-json\/wp\/v2\/pages\/8561","targetHints":{"allow":["GET"]}}],"collection":[{"href":"https:\/\/www.composition.org\/fr\/wp-json\/wp\/v2\/pages"}],"about":[{"href":"https:\/\/www.composition.org\/fr\/wp-json\/wp\/v2\/types\/page"}],"author":[{"embeddable":true,"href":"https:\/\/www.composition.org\/fr\/wp-json\/wp\/v2\/users\/1"}],"replies":[{"embeddable":true,"href":"https:\/\/www.composition.org\/fr\/wp-json\/wp\/v2\/comments?post=8561"}],"version-history":[{"count":4,"href":"https:\/\/www.composition.org\/fr\/wp-json\/wp\/v2\/pages\/8561\/revisions"}],"predecessor-version":[{"id":11116,"href":"https:\/\/www.composition.org\/fr\/wp-json\/wp\/v2\/pages\/8561\/revisions\/11116"}],"up":[{"embeddable":true,"href":"https:\/\/www.composition.org\/fr\/wp-json\/wp\/v2\/pages\/8806"}],"wp:attachment":[{"href":"https:\/\/www.composition.org\/fr\/wp-json\/wp\/v2\/media?parent=8561"}],"curies":[{"name":"wp","href":"https:\/\/api.w.org\/{rel}","templated":true}]}}