{"id":8459,"date":"2023-03-27T21:24:10","date_gmt":"2023-03-28T01:24:10","guid":{"rendered":"https:\/\/www.composition.org\/prod\/cotisations-des-membres\/"},"modified":"2024-08-13T08:57:22","modified_gmt":"2024-08-13T12:57:22","slug":"cotisations-des-membres","status":"publish","type":"page","link":"https:\/\/www.composition.org\/fr\/cotisations-des-membres\/","title":{"rendered":"Cotisations des membres"},"content":{"rendered":"<p>[et_pb_section fb_built=\u00a0\u00bb1&Prime; _builder_version=\u00a0\u00bb4.20.2&Prime; _module_preset=\u00a0\u00bbdefault\u00a0\u00bb background_color=\u00a0\u00bb#f7f7f7&Prime; global_colors_info=\u00a0\u00bb{}\u00a0\u00bb][et_pb_row column_structure=\u00a0\u00bb3_5,2_5&Prime; _builder_version=\u00a0\u00bb4.21.0&Prime; _module_preset=\u00a0\u00bbdefault\u00a0\u00bb global_colors_info=\u00a0\u00bb{}\u00a0\u00bb][et_pb_column type=\u00a0\u00bb3_5&Prime; _builder_version=\u00a0\u00bb4.19.2&Prime; _module_preset=\u00a0\u00bbdefault\u00a0\u00bb global_colors_info=\u00a0\u00bb{}\u00a0\u00bb][et_pb_text module_class=\u00a0\u00bbheading citron-after\u00a0\u00bb _builder_version=\u00a0\u00bb4.20.2&Prime; _module_preset=\u00a0\u00bbdefault\u00a0\u00bb global_colors_info=\u00a0\u00bb{}\u00a0\u00bb]<\/p>\n<h2>Payez vos cotisations<\/h2>\n<p>[\/et_pb_text][et_pb_text _builder_version=\u00a0\u00bb4.20.2&Prime; _module_preset=\u00a0\u00bbdefault\u00a0\u00bb global_colors_info=\u00a0\u00bb{}\u00a0\u00bb]<\/p>\n<p>En septembre, la LCC \u00e9met des avis rappelant aux membres que leur cotisation pour l\u2019ann\u00e9e \u00e0 venir est exigible.<\/p>\n<p>Selon la cat\u00e9gorie, les cotisations sont les suivantes :<\/p>\n<ul>\n<li>Cotisation de Membre professionnel : 75 $ par an<\/li>\n<li>Cotisation de Membre affili\u00e9 : 25 $ par an<\/li>\n<li>Cotisation de Membre \u00e9tudiant : 25 $ par an<\/li>\n<li>Cotisation de Membre \u00e9m\u00e9rite : 0 $ (gratis)<\/li>\n<\/ul>\n<p>Nous sommes tr\u00e8s conscients de la diversit\u00e9 de nos membres et des situations financi\u00e8res diverses auxquelles iels font face. N\u2019h\u00e9sitez donc pas \u00e0 nous \u00e9crire \u00e0 <a href=\"mailto:admin@composition.org\" target=\"_blank\" rel=\"noopener\">admin@composition.org<\/a> pour discuter d\u2019un arrangement.<\/p>\n<p>Les cotisations peuvent \u00eatre pay\u00e9es de deux fa\u00e7ons :<\/p>\n<ol>\n<li>Par ch\u00e8que \u00e0 l\u2019ordre de <strong>La ligue canadienne des compositeurs<\/strong>post\u00e9 \u00e0 :<br \/>La Ligue canadienne des compositeurs<br \/>20 St. Joseph St.<br \/>Toronto, ON M4Y 1J9<\/li>\n<li>Par Paypal ou carte cr\u00e9dit en ligne &gt;<\/li>\n<\/ol>\n<p>Les membres actuels de la LCC qui ont atteint l&rsquo;\u00e2ge de 65 ans peuvent b\u00e9n\u00e9ficier du statut d&rsquo;\u00e9m\u00e9rite, un statut de membre sans cotisation avec droit de vote. Veuillez contacter le bureau de la LCC \u00e0 l&rsquo;adresse <a href=\"mailto:generalmanager@composition.org\" target=\"_blank\" rel=\"noopener\">generalmanager@composition.org<\/a> ou au num\u00e9ro <a href=\"tel:18779641364\">1.877.964.1364<\/a> pour informer le directeur g\u00e9n\u00e9ral de votre changement d&rsquo;affiliation.<\/p>\n<p>Les membres de la LCC sont tenus de veiller \u00e0 ce que leurs cotisations ne soient pas en souffrance. Les membres peuvent perdre leurs privil\u00e8ges d&rsquo;adh\u00e9sion s&rsquo;ils ont plus de deux ans d&rsquo;arri\u00e9r\u00e9s. Si vous n&rsquo;\u00eates pas s\u00fbr du montant de votre cotisation, veuillez contacter le bureau de la LCC \u00e0 l&rsquo;adresse \u00e9lectronique ou au num\u00e9ro de t\u00e9l\u00e9phone ci-dessus.<\/p>\n<p>[\/et_pb_text][et_pb_text _builder_version=\u00a0\u00bb4.19.2&Prime; _module_preset=\u00a0\u00bbdefault\u00a0\u00bb global_colors_info=\u00a0\u00bb{}\u00a0\u00bb][\/et_pb_text][\/et_pb_column][et_pb_column type=\u00a0\u00bb2_5&Prime; _builder_version=\u00a0\u00bb4.21.0&Prime; _module_preset=\u00a0\u00bbdefault\u00a0\u00bb custom_css_main_element=\u00a0\u00bbmax-height:24vw;\u00a0\u00bb global_colors_info=\u00a0\u00bb{}\u00a0\u00bb custom_css_main_element_last_edited=\u00a0\u00bbon|phone\u00a0\u00bb custom_css_main_element_tablet=\u00a0\u00bbmax-height:none;\u00a0\u00bb custom_css_main_element_phone=\u00a0\u00bbmax-height:none;\u00a0\u00bb][et_pb_code module_id=\u00a0\u00bbpayment-module\u00a0\u00bb module_class=\u00a0\u00bbboxed-module dues\u00a0\u00bb _builder_version=\u00a0\u00bb4.21.0&Prime; _module_preset=\u00a0\u00bbdefault\u00a0\u00bb global_colors_info=\u00a0\u00bb{}\u00a0\u00bb]<\/p>\n<form class=membership-dues action=\"https:\/\/www.paypal.com\/cgi-bin\/webscr\" method=\"post\" target=\"_blank\" wtx-context=\"B8C78F8A-A64D-4DA2-817E-E4FF6A9F7590\"><input name=\"cmd\" type=\"hidden\" value=\"_s-xclick\" wtx-context=\"D0EE10F2-94C0-45CC-9453-1BEF3BEA9C11\"><!\u2013- [et_pb_br_holder] -\u2013><!-- [et_pb_line_break_holder] --><input name=\"hosted_button_id\" type=\"hidden\" value=\"EWRR8GCQW476L\" wtx-context=\"14029146-CB67-4224-8F49-1575B877BA28\"><!-- [et_pb_line_break_holder] --><\/p>\n<table><!-- [et_pb_line_break_holder] --><\/p>\n<tbody><!-- [et_pb_line_break_holder] --><\/p>\n<tr><!-- [et_pb_line_break_holder] --><\/p>\n<td><input name=\"on0\" type=\"hidden\" value=\"Membership type\" wtx-context=\"FAB9A6CA-1F29-4832-8BF9-07F5EF116A81\">Type d&rsquo;affiliation<\/td>\n<p><!-- [et_pb_line_break_holder] --><\/tr>\n<p><!-- [et_pb_line_break_holder] --><\/p>\n<tr><!-- [et_pb_line_break_holder] --><\/p>\n<td><select name=\"os0\" wtx-context=\"A7C2B3F8-0731-4951-BA3D-732093556566\"><option value=\"Professional \/ Professionnel\">Professional \/ Professionnel $75.00 CAD<\/option><option value=\"Student \/ Etudiant\">Student \/ Etudiant $25.00 CAD<\/option><option value=\"Affiliate \/ Affilie\">Affiliate \/ Affilie $25.00 CAD<\/option><\/select><\/td>\n<p><!-- [et_pb_line_break_holder] --><\/tr>\n<p><!-- [et_pb_line_break_holder] --><\/tbody>\n<p><!-- [et_pb_line_break_holder] --><\/table>\n<p><!-- [et_pb_line_break_holder] --><pee><input name=\"currency_code\" type=\"hidden\" value=\"CAD\" wtx-context=\"391C70F3-2678-46BB-9D5D-58C6287E7E7D\"><!-- [et_pb_line_break_holder] --><input alt=\"PayPal - The safer, easier way to pay online!\" name=\"submit\" src=\"https:\/\/www.composition.org\/wp-content\/uploads\/2023\/10\/add-to-cart-button-fr-1.png\" type=\"image\" wtx-context=\"844DC41F-FA59-41CE-8522-9D6A25D68262\" style=\"width: 225px;<!-- [et_pb_line_break_holder] -->    margin-left: -5px;\u00a0\u00bb><!\u2013- [et_pb_br_holder] -\u2013><!-- [et_pb_line_break_holder] --><img decoding=\"async\" loading=\"lazy\" src=\"https:\/\/www.paypalobjects.com\/en_US\/i\/scr\/pixel.gif\" alt=\"\" width=\"1\" height=\"1\" border=\"0\" qtbljfadh=\"\"><\/pee><!-- [et_pb_line_break_holder] --><\/form>\n<p><!-- [et_pb_line_break_holder] --><!-- [et_pb_line_break_holder] --><pee class=membership-dues-blurb><!-- [et_pb_line_break_holder] -->Les membres recevront un re\u00e7u de la part de la LCC apr\u00e8s le paiement de leur cotisation. De nouveaux membres peuvent rejoindre la LCC \u00e0 tout moment.<!-- [et_pb_line_break_holder] --><\/pee>[\/et_pb_code][\/et_pb_column][\/et_pb_row][\/et_pb_section]<\/p>\n","protected":false},"excerpt":{"rendered":"<p>Payez vos cotisationsEn septembre, la LCC \u00e9met des avis rappelant aux membres que leur cotisation pour l\u2019ann\u00e9e \u00e0 venir est exigible. Selon la cat\u00e9gorie, les cotisations sont les suivantes : Cotisation de Membre professionnel : 75 $ par an Cotisation de Membre affili\u00e9 : 25 $ par an Cotisation de Membre \u00e9tudiant : 25 $ [&hellip;]<\/p>\n","protected":false},"author":1,"featured_media":0,"parent":0,"menu_order":0,"comment_status":"closed","ping_status":"closed","template":"","meta":{"_acf_changed":false,"_et_pb_use_builder":"on","_et_pb_old_content":"","_et_gb_content_width":"","footnotes":""},"class_list":["post-8459","page","type-page","status-publish","hentry"],"acf":[],"_links":{"self":[{"href":"https:\/\/www.composition.org\/fr\/wp-json\/wp\/v2\/pages\/8459","targetHints":{"allow":["GET"]}}],"collection":[{"href":"https:\/\/www.composition.org\/fr\/wp-json\/wp\/v2\/pages"}],"about":[{"href":"https:\/\/www.composition.org\/fr\/wp-json\/wp\/v2\/types\/page"}],"author":[{"embeddable":true,"href":"https:\/\/www.composition.org\/fr\/wp-json\/wp\/v2\/users\/1"}],"replies":[{"embeddable":true,"href":"https:\/\/www.composition.org\/fr\/wp-json\/wp\/v2\/comments?post=8459"}],"version-history":[{"count":5,"href":"https:\/\/www.composition.org\/fr\/wp-json\/wp\/v2\/pages\/8459\/revisions"}],"predecessor-version":[{"id":10409,"href":"https:\/\/www.composition.org\/fr\/wp-json\/wp\/v2\/pages\/8459\/revisions\/10409"}],"wp:attachment":[{"href":"https:\/\/www.composition.org\/fr\/wp-json\/wp\/v2\/media?parent=8459"}],"curies":[{"name":"wp","href":"https:\/\/api.w.org\/{rel}","templated":true}]}}