{"id":8449,"date":"2023-03-14T18:56:41","date_gmt":"2023-03-14T22:56:41","guid":{"rendered":"https:\/\/www.composition.org\/prod\/programme-de-mentorat-pivot\/"},"modified":"2024-12-02T07:19:47","modified_gmt":"2024-12-02T11:19:47","slug":"programme-de-mentorat-pivot","status":"publish","type":"page","link":"https:\/\/www.composition.org\/fr\/programmes\/programme-de-mentorat-pivot\/","title":{"rendered":"Programme de mentorat PIVOT"},"content":{"rendered":"<p>[et_pb_section fb_built=\u00a0\u00bb1&Prime; _builder_version=\u00a0\u00bb4.21.0&Prime; _module_preset=\u00a0\u00bbdefault\u00a0\u00bb background_color=\u00a0\u00bb#f7f7f7&Prime; global_colors_info=\u00a0\u00bb{}\u00a0\u00bb da_is_popup=\u00a0\u00bboff\u00a0\u00bb da_exit_intent=\u00a0\u00bboff\u00a0\u00bb da_has_close=\u00a0\u00bbon\u00a0\u00bb da_alt_close=\u00a0\u00bboff\u00a0\u00bb da_dark_close=\u00a0\u00bboff\u00a0\u00bb da_not_modal=\u00a0\u00bbon\u00a0\u00bb da_is_singular=\u00a0\u00bboff\u00a0\u00bb da_with_loader=\u00a0\u00bboff\u00a0\u00bb da_has_shadow=\u00a0\u00bbon\u00a0\u00bb da_disable_devices=\u00a0\u00bboff|off|off\u00a0\u00bb][et_pb_row column_structure=\u00a0\u00bb2_5,3_5&Prime; module_class=\u00a0\u00bbnarrow70&Prime; _builder_version=\u00a0\u00bb4.21.0&Prime; _module_preset=\u00a0\u00bbdefault\u00a0\u00bb global_colors_info=\u00a0\u00bb{}\u00a0\u00bb][et_pb_column type=\u00a0\u00bb2_5&Prime; _builder_version=\u00a0\u00bb4.21.0&Prime; _module_preset=\u00a0\u00bbdefault\u00a0\u00bb global_colors_info=\u00a0\u00bb{}\u00a0\u00bb][et_pb_image src=\u00a0\u00bbhttps:\/\/www.composition.org\/wp-content\/uploads\/2023\/05\/CLCLCC_PivotFinalLogo_Colour_2.jpg\u00a0\u00bb title_text=\u00a0\u00bbCLCLCC_PivotFinalLogo_Colour_2&Prime; _builder_version=\u00a0\u00bb4.21.0&Prime; _module_preset=\u00a0\u00bbdefault\u00a0\u00bb global_colors_info=\u00a0\u00bb{}\u00a0\u00bb][\/et_pb_image][\/et_pb_column][et_pb_column type=\u00a0\u00bb3_5&Prime; _builder_version=\u00a0\u00bb4.21.0&Prime; _module_preset=\u00a0\u00bbdefault\u00a0\u00bb global_colors_info=\u00a0\u00bb{}\u00a0\u00bb][et_pb_text _builder_version=\u00a0\u00bb4.21.0&Prime; _module_preset=\u00a0\u00bbdefault\u00a0\u00bb global_colors_info=\u00a0\u00bb{}\u00a0\u00bb]<\/p>\n<p>PIVOT est un programme de mentorat pour les compositeurs.trices canadien.ne.s en d\u00e9but de carri\u00e8re offert par la LCC en partenariat avec divers ensembles et organismes \u00e0 travers le pays. PIVOT offre une chance unique aux compositeurs.trices vivant au Canada de travailler directement avec un mentor professionnel. Apr\u00e8s le processus de s\u00e9lection, les organisateurs de PIVOT consultent les candidats retenus afin de choisir les mentors \u00e0 qui ils seront jumel\u00e9s, en fonction de leurs objectifs artistiques et professionnels. Les participants b\u00e9n\u00e9ficieront de l\u2019accompagnement de leur mentor pendant une p\u00e9riode de six mois alors qu\u2019ils composent une nouvelle \u0153uvre pour un ensemble canadien.<\/p>\n<p>[\/et_pb_text][\/et_pb_column][\/et_pb_row][et_pb_row _builder_version=\u00a0\u00bb4.27.4&Prime; _module_preset=\u00a0\u00bbdefault\u00a0\u00bb custom_padding=\u00a0\u00bb|149px||149px||\u00a0\u00bb][et_pb_column _builder_version=\u00a0\u00bb4.27.4&Prime; _module_preset=\u00a0\u00bbdefault\u00a0\u00bb type=\u00a0\u00bb4_4&Prime;][et_pb_video src=\u00a0\u00bbhttps:\/\/youtube.com\/playlist?list=PLfAKIue8N_ygddnBg2-HwFqzs9PorPNga&#038;feature=shared\u00a0\u00bb _builder_version=\u00a0\u00bb4.27.4&Prime; _module_preset=\u00a0\u00bbdefault\u00a0\u00bb hover_enabled=\u00a0\u00bb0&Prime; sticky_enabled=\u00a0\u00bb0&Prime;][\/et_pb_video][\/et_pb_column][\/et_pb_row][\/et_pb_section][et_pb_section fb_built=\u00a0\u00bb1&Prime; _builder_version=\u00a0\u00bb4.21.0&Prime; _module_preset=\u00a0\u00bbdefault\u00a0\u00bb global_colors_info=\u00a0\u00bb{}\u00a0\u00bb da_is_popup=\u00a0\u00bboff\u00a0\u00bb da_exit_intent=\u00a0\u00bboff\u00a0\u00bb da_has_close=\u00a0\u00bbon\u00a0\u00bb da_alt_close=\u00a0\u00bboff\u00a0\u00bb da_dark_close=\u00a0\u00bboff\u00a0\u00bb da_not_modal=\u00a0\u00bbon\u00a0\u00bb da_is_singular=\u00a0\u00bboff\u00a0\u00bb da_with_loader=\u00a0\u00bboff\u00a0\u00bb da_has_shadow=\u00a0\u00bbon\u00a0\u00bb da_disable_devices=\u00a0\u00bboff|off|off\u00a0\u00bb][et_pb_row _builder_version=\u00a0\u00bb4.21.0&Prime; _module_preset=\u00a0\u00bbdefault\u00a0\u00bb global_colors_info=\u00a0\u00bb{}\u00a0\u00bb][et_pb_column type=\u00a0\u00bb4_4&Prime; _builder_version=\u00a0\u00bb4.21.0&Prime; _module_preset=\u00a0\u00bbdefault\u00a0\u00bb global_colors_info=\u00a0\u00bb{}\u00a0\u00bb][et_pb_text module_class=\u00a0\u00bbheading center orange-after\u00a0\u00bb _builder_version=\u00a0\u00bb4.21.0&Prime; _module_preset=\u00a0\u00bbdefault\u00a0\u00bb global_colors_info=\u00a0\u00bb{}\u00a0\u00bb]<\/p>\n<h2 style=\"text-align: left;\">Participants pr\u00e9c\u00e9dents<\/h2>\n<p>[\/et_pb_text][\/et_pb_column][\/et_pb_row][et_pb_row column_structure=\u00a0\u00bb1_2,1_2&Prime; use_custom_gutter=\u00a0\u00bbon\u00a0\u00bb gutter_width=\u00a0\u00bb4&Prime; module_class=\u00a0\u00bbnarrow60&Prime; _builder_version=\u00a0\u00bb4.21.0&Prime; _module_preset=\u00a0\u00bbdefault\u00a0\u00bb global_colors_info=\u00a0\u00bb{}\u00a0\u00bb][et_pb_column type=\u00a0\u00bb1_2&Prime; _builder_version=\u00a0\u00bb4.21.0&Prime; _module_preset=\u00a0\u00bbdefault\u00a0\u00bb global_colors_info=\u00a0\u00bb{}\u00a0\u00bb][et_pb_text module_class=\u00a0\u00bblinks\u00a0\u00bb _builder_version=\u00a0\u00bb4.27.0&Prime; _module_preset=\u00a0\u00bbdefault\u00a0\u00bb global_colors_info=\u00a0\u00bb{}\u00a0\u00bb]<\/p>\n<h4 style=\"text-align: center;\">2024 &#8211; avec Continuum Contemporary Music<\/h4>\n<ul>\n<li style=\"text-align: center;\"><a href=\"https:\/\/www.anjusingh.com\/\" target=\"_blank\" rel=\"noopener\">Anju Singh<\/a><\/li>\n<li style=\"text-align: center;\"><a href=\"http:\/\/saraconstant.ca\/\" target=\"_blank\" rel=\"noopener\"><\/a><a href=\"https:\/\/www.janetsit.com\/\" target=\"_blank\" rel=\"noopener\">Janet Sit<\/a><\/li>\n<li style=\"text-align: center;\"><a href=\"https:\/\/liberteanne.com\/\" target=\"_blank\" rel=\"noopener\">Libert\u00e9-Anne Lymberiou<\/a><\/li>\n<li style=\"text-align: center;\"><a href=\"https:\/\/www.instagram.com\/rferromusic\/\" target=\"_blank\" rel=\"noopener\">Ricardo Ferro<\/a><\/li>\n<li style=\"text-align: center;\"><a href=\"https:\/\/aebridger.bandcamp.com\/album\/the-bowl\" target=\"_blank\" rel=\"noopener\">Alexander Bridger<\/a><\/li>\n<li style=\"text-align: center;\"><\/li>\n<\/ul>\n<p>[\/et_pb_text][\/et_pb_column][et_pb_column type=\u00a0\u00bb1_2&Prime; _builder_version=\u00a0\u00bb4.21.0&Prime; _module_preset=\u00a0\u00bbdefault\u00a0\u00bb global_colors_info=\u00a0\u00bb{}\u00a0\u00bb][et_pb_text module_class=\u00a0\u00bblinks\u00a0\u00bb _builder_version=\u00a0\u00bb4.21.0&Prime; _module_preset=\u00a0\u00bbdefault\u00a0\u00bb global_colors_info=\u00a0\u00bb{}\u00a0\u00bb]<\/p>\n<h4 style=\"text-align: center;\">2023 &#8211; avec Sporobole<\/h4>\n<ul>\n<li style=\"text-align: center;\"><a href=\"http:\/\/linaaaa.com\/\" target=\"_blank\" rel=\"noopener\">Lina Choi<\/a><\/li>\n<li style=\"text-align: center;\"><a href=\"http:\/\/saraconstant.ca\/\" target=\"_blank\" rel=\"noopener\">Sara Constant<\/a><\/li>\n<li style=\"text-align: center;\"><a href=\"https:\/\/www.instagram.com\/smeadahl\/\" target=\"_blank\" rel=\"noopener\">Sam Meadahl<\/a><\/li>\n<\/ul>\n<p>[\/et_pb_text][\/et_pb_column][\/et_pb_row][et_pb_row column_structure=\u00a0\u00bb1_2,1_2&Prime; use_custom_gutter=\u00a0\u00bbon\u00a0\u00bb gutter_width=\u00a0\u00bb4&Prime; module_class=\u00a0\u00bbnarrow60&Prime; _builder_version=\u00a0\u00bb4.21.0&Prime; _module_preset=\u00a0\u00bbdefault\u00a0\u00bb global_colors_info=\u00a0\u00bb{}\u00a0\u00bb][et_pb_column type=\u00a0\u00bb1_2&Prime; _builder_version=\u00a0\u00bb4.21.0&Prime; _module_preset=\u00a0\u00bbdefault\u00a0\u00bb global_colors_info=\u00a0\u00bb{}\u00a0\u00bb][et_pb_text module_class=\u00a0\u00bblinks\u00a0\u00bb _builder_version=\u00a0\u00bb4.21.0&Prime; _module_preset=\u00a0\u00bbdefault\u00a0\u00bb global_colors_info=\u00a0\u00bb{}\u00a0\u00bb]<\/p>\n<h4 style=\"text-align: center;\">2022 &#8211; avec Pro Coro Canada<\/h4>\n<ul>\n<li style=\"text-align: center;\"><a href=\"https:\/\/marialiceconrad.com\/\" target=\"_blank\" rel=\"noopener\">Mari-Alice Conrad<\/a><\/li>\n<li style=\"text-align: center;\"><a href=\"https:\/\/www.maximedaigneault.com\/\" target=\"_blank\" rel=\"noopener\">Maxime Daigneault<\/a><\/li>\n<li style=\"text-align: center;\"><a href=\"https:\/\/www.kalaisanmusic.com\/about-1\" target=\"_blank\" rel=\"noopener\">Kalaisan Kalaichelvan<\/a><\/li>\n<li style=\"text-align: center;\"><a href=\"https:\/\/memmmusic.wordpress.com\/\" target=\"_blank\" rel=\"noopener\">Maria Eduarda Martins<\/a><\/li>\n<li style=\"text-align: center;\"><a href=\"https:\/\/dremeka.com\/\" target=\"_blank\" rel=\"noopener\">Pierre-Luc Sen\u00e8cal<\/a><\/li>\n<li style=\"text-align: center;\"><a href=\"https:\/\/karenshepherdmusic.ca\/home\" target=\"_blank\" rel=\"noopener\">Karen Donaldson Shepherd<\/a><\/li>\n<\/ul>\n<p>[\/et_pb_text][\/et_pb_column][et_pb_column type=\u00a0\u00bb1_2&Prime; _builder_version=\u00a0\u00bb4.21.0&Prime; _module_preset=\u00a0\u00bbdefault\u00a0\u00bb global_colors_info=\u00a0\u00bb{}\u00a0\u00bb][et_pb_text module_class=\u00a0\u00bblinks\u00a0\u00bb _builder_version=\u00a0\u00bb4.21.0&Prime; _module_preset=\u00a0\u00bbdefault\u00a0\u00bb global_colors_info=\u00a0\u00bb{}\u00a0\u00bb]<\/p>\n<h4 style=\"text-align: center;\">2021 &#8211; avec Continuum Contemporary Music<\/h4>\n<ul>\n<li style=\"text-align: center;\"><a href=\"https:\/\/www.josephchiu.com\/\" target=\"_blank\" rel=\"noopener\">Joseph Chiu<\/a><\/li>\n<li style=\"text-align: center;\"><a href=\"https:\/\/kim.farris-manning.ca\/\" target=\"_blank\" rel=\"noopener\">Kim Farris-Manning<\/a><\/li>\n<li style=\"text-align: center;\"><a href=\"https:\/\/liamrossgibsoncomposer.squarespace.com\/\" target=\"_blank\" rel=\"noopener\">Liam GIbson<\/a><\/li>\n<li style=\"text-align: center;\"><a href=\"https:\/\/kevingironnay.com\/\" target=\"_blank\" rel=\"noopener\">Kevin Gironnay<\/a><\/li>\n<li style=\"text-align: center;\"><a href=\"https:\/\/carliehowell.ca\/\" target=\"_blank\" rel=\"noopener\">Carlie Howell<\/a><\/li>\n<li style=\"text-align: center;\"><a href=\"https:\/\/coreenmorsink.wordpress.com\/about\/\" target=\"_blank\" rel=\"noopener\">Coreen Morsink<\/a><\/li>\n<\/ul>\n<p>[\/et_pb_text][\/et_pb_column][\/et_pb_row][et_pb_row column_structure=\u00a0\u00bb1_2,1_2&Prime; use_custom_gutter=\u00a0\u00bbon\u00a0\u00bb gutter_width=\u00a0\u00bb4&Prime; module_class=\u00a0\u00bbnarrow60&Prime; _builder_version=\u00a0\u00bb4.21.0&Prime; _module_preset=\u00a0\u00bbdefault\u00a0\u00bb global_colors_info=\u00a0\u00bb{}\u00a0\u00bb][et_pb_column type=\u00a0\u00bb1_2&Prime; _builder_version=\u00a0\u00bb4.21.0&Prime; _module_preset=\u00a0\u00bbdefault\u00a0\u00bb global_colors_info=\u00a0\u00bb{}\u00a0\u00bb][et_pb_text module_class=\u00a0\u00bblinks\u00a0\u00bb _builder_version=\u00a0\u00bb4.21.0&Prime; _module_preset=\u00a0\u00bbdefault\u00a0\u00bb global_colors_info=\u00a0\u00bb{}\u00a0\u00bb]<\/p>\n<h4 style=\"text-align: center;\">2020 &#8211; avec Pro Coro Canada<\/h4>\n<ul>\n<li style=\"text-align: center;\"><a href=\"https:\/\/www.sarahalbu.com\/\" target=\"_blank\" rel=\"noopener\">Sarah Albu<\/a><\/li>\n<li style=\"text-align: center;\"><a href=\"http:\/\/1443.sydneyplus.com\/final\/Portal\/Composer-Showcase.aspx?component=AAIL&amp;record=60d217e6-c8bd-417f-ab62-9a0a20d86775\" target=\"_blank\" rel=\"noopener\">F\u00e9lix-Antoine Coutu<\/a><\/li>\n<li style=\"text-align: center;\"><a href=\"http:\/\/www.fjolaevans.com\/\" target=\"_blank\" rel=\"noopener\">Fj\u00f3la Evans<\/a><\/li>\n<li style=\"text-align: center;\"><a href=\"https:\/\/www.banffcentre.ca\/opera-open-studios\/rebecca-gray#:~:text=Rebecca%20Gray%20is%20a%20soprano,OperaQ%20and%20FAWN%20chamber%20collective.\" target=\"_blank\" rel=\"noopener\">Rebecca Gray<\/a><\/li>\n<li style=\"text-align: center;\"><a href=\"https:\/\/www.jessierivest.com\/composer\" target=\"_blank\" rel=\"noopener\">Jessie Rivest<\/a><\/li>\n<li style=\"text-align: center;\"><a href=\"https:\/\/www.stevenwebbmusic.com\/\" target=\"_blank\" rel=\"noopener\">Steve Webb<\/a><\/li>\n<\/ul>\n<p>[\/et_pb_text][\/et_pb_column][et_pb_column type=\u00a0\u00bb1_2&Prime; _builder_version=\u00a0\u00bb4.21.0&Prime; _module_preset=\u00a0\u00bbdefault\u00a0\u00bb global_colors_info=\u00a0\u00bb{}\u00a0\u00bb][et_pb_text module_class=\u00a0\u00bblinks\u00a0\u00bb _builder_version=\u00a0\u00bb4.21.0&Prime; _module_preset=\u00a0\u00bbdefault\u00a0\u00bb global_colors_info=\u00a0\u00bb{}\u00a0\u00bb]<\/p>\n<h4 style=\"text-align: center;\">2019 &#8211; avec Continuum Contemporary Music<\/h4>\n<ul>\n<li style=\"text-align: center;\"><a href=\"https:\/\/www.amybrandon.ca\/\" target=\"_blank\" rel=\"noopener\">Amy Brandon<\/a><\/li>\n<li style=\"text-align: center;\"><a href=\"https:\/\/nathanfriedmanmusic.wordpress.com\/\" target=\"_blank\" rel=\"noopener\">Nathan Friedman<\/a><\/li>\n<li style=\"text-align: center;\"><a href=\"https:\/\/www.emiliegirardcharest.com\/\" target=\"_blank\" rel=\"noopener\">\u00c9milie Girard-Charest<\/a><\/li>\n<li style=\"text-align: center;\"><a href=\"http:\/\/www.solomiyamoroz.com\/\" target=\"_blank\" rel=\"noopener\">Solomiya Moroz<\/a><\/li>\n<li style=\"text-align: center;\"><a href=\"https:\/\/lukenickel.com\/\" target=\"_blank\" rel=\"noopener\">Luke Nickel<\/a><\/li>\n<li style=\"text-align: center;\"><a href=\"https:\/\/www.kontrabandkollektif.com\/index.html\" target=\"_blank\" rel=\"noopener\">Lieke van der Voort<\/a><\/li>\n<\/ul>\n<p>[\/et_pb_text][\/et_pb_column][\/et_pb_row][et_pb_row column_structure=\u00a0\u00bb1_2,1_2&Prime; use_custom_gutter=\u00a0\u00bbon\u00a0\u00bb gutter_width=\u00a0\u00bb4&Prime; module_class=\u00a0\u00bbnarrow60&Prime; _builder_version=\u00a0\u00bb4.21.0&Prime; _module_preset=\u00a0\u00bbdefault\u00a0\u00bb global_colors_info=\u00a0\u00bb{}\u00a0\u00bb][et_pb_column type=\u00a0\u00bb1_2&Prime; _builder_version=\u00a0\u00bb4.21.0&Prime; _module_preset=\u00a0\u00bbdefault\u00a0\u00bb global_colors_info=\u00a0\u00bb{}\u00a0\u00bb][et_pb_text module_class=\u00a0\u00bblinks\u00a0\u00bb _builder_version=\u00a0\u00bb4.21.0&Prime; _module_preset=\u00a0\u00bbdefault\u00a0\u00bb global_colors_info=\u00a0\u00bb{}\u00a0\u00bb]<\/p>\n<h4 style=\"text-align: center;\">2016 &#8211; avec Continuum Contemporary Music<\/h4>\n<ul>\n<li style=\"text-align: center;\"><a href=\"http:\/\/rebeccabruton.com\/\" target=\"_blank\" rel=\"noopener\">Rebecca Bruton<\/a><\/li>\n<li style=\"text-align: center;\"><a href=\"https:\/\/maximecorbeilperron.com\/\" target=\"_blank\" rel=\"noopener\">Maxime Corbeil-Perron<\/a><\/li>\n<li style=\"text-align: center;\"><a href=\"https:\/\/jurokimfeliz.com\/media\/\" target=\"_blank\" rel=\"noopener\">Juro Kim Feliz<\/a><\/li>\n<li style=\"text-align: center;\"><a href=\"https:\/\/soundcloud.com\/beavanflanagan\" target=\"_blank\" rel=\"noopener\">Beavan Flanagan<\/a><\/li>\n<li style=\"text-align: center;\"><a href=\"https:\/\/soundcloud.com\/evelin-ramon\" target=\"_blank\" rel=\"noopener\">Evelin Ramon<\/a><\/li>\n<li style=\"text-align: center;\"><a href=\"http:\/\/www.bekahsimms.com\/\" target=\"_blank\" rel=\"noopener\">Bekah Simms<\/a><\/li>\n<\/ul>\n<p>[\/et_pb_text][\/et_pb_column][et_pb_column type=\u00a0\u00bb1_2&Prime; _builder_version=\u00a0\u00bb4.21.0&Prime; _module_preset=\u00a0\u00bbdefault\u00a0\u00bb global_colors_info=\u00a0\u00bb{}\u00a0\u00bb][et_pb_text module_class=\u00a0\u00bblinks\u00a0\u00bb _builder_version=\u00a0\u00bb4.21.0&Prime; _module_preset=\u00a0\u00bbdefault\u00a0\u00bb global_colors_info=\u00a0\u00bb{}\u00a0\u00bb]<\/p>\n<h4 style=\"text-align: center;\">2013 &#8211; avec ContaQt Contemporary Music<\/h4>\n<ul>\n<li style=\"text-align: center;\"><a href=\"http:\/\/www.jasondoell.com\/\" target=\"_blank\" rel=\"noopener\">Jason Doell<\/a><\/li>\n<li style=\"text-align: center;\"><a href=\"https:\/\/www.facebook.com\/fionaryancomposer\/\" target=\"_blank\" rel=\"noopener\">Fiona Ryan<\/a><\/li>\n<li style=\"text-align: center;\"><a href=\"https:\/\/samanshahimusic.com\/home\" target=\"_blank\" rel=\"noopener\">Saman Shahi<\/a><\/li>\n<\/ul>\n<p>[\/et_pb_text][\/et_pb_column][\/et_pb_row][et_pb_row column_structure=\u00a0\u00bb1_2,1_2&Prime; use_custom_gutter=\u00a0\u00bbon\u00a0\u00bb gutter_width=\u00a0\u00bb4&Prime; module_class=\u00a0\u00bbnarrow60&Prime; _builder_version=\u00a0\u00bb4.21.0&Prime; _module_preset=\u00a0\u00bbdefault\u00a0\u00bb global_colors_info=\u00a0\u00bb{}\u00a0\u00bb][et_pb_column type=\u00a0\u00bb1_2&Prime; _builder_version=\u00a0\u00bb4.21.0&Prime; _module_preset=\u00a0\u00bbdefault\u00a0\u00bb global_colors_info=\u00a0\u00bb{}\u00a0\u00bb][et_pb_text module_class=\u00a0\u00bblinks\u00a0\u00bb _builder_version=\u00a0\u00bb4.21.0&Prime; _module_preset=\u00a0\u00bbdefault\u00a0\u00bb global_colors_info=\u00a0\u00bb{}\u00a0\u00bb]<\/p>\n<h4 style=\"text-align: center;\">2012<\/h4>\n<ul>\n<li style=\"text-align: center;\"><a href=\"https:\/\/www.kathleenallan.com\/\" target=\"_blank\" rel=\"noopener\">Kathleen Allan<\/a><\/li>\n<li style=\"text-align: center;\"><a href=\"https:\/\/www.wandelweiser.de\/daniel-brandes.html\" target=\"_blank\" rel=\"noopener\">Daniel Brandes<\/a><\/li>\n<li style=\"text-align: center;\"><a href=\"https:\/\/www.imanhabibi.com\/\" target=\"_blank\" rel=\"noopener\">Iman Habibi<\/a><\/li>\n<\/ul>\n<p>[\/et_pb_text][\/et_pb_column][et_pb_column type=\u00a0\u00bb1_2&Prime; _builder_version=\u00a0\u00bb4.21.0&Prime; _module_preset=\u00a0\u00bbdefault\u00a0\u00bb global_colors_info=\u00a0\u00bb{}\u00a0\u00bb][et_pb_text module_class=\u00a0\u00bblinks\u00a0\u00bb _builder_version=\u00a0\u00bb4.21.0&Prime; _module_preset=\u00a0\u00bbdefault\u00a0\u00bb global_colors_info=\u00a0\u00bb{}\u00a0\u00bb]<\/p>\n<h4 style=\"text-align: center;\">2011<\/h4>\n<ul>\n<li style=\"text-align: center;\"><a href=\"https:\/\/elizabethknudson.ca\/\" target=\"_blank\" rel=\"noopener\">Elizabeth Knudson<\/a><\/li>\n<li style=\"text-align: center;\"><a href=\"https:\/\/jamesocallaghan.com\/\" target=\"_blank\" rel=\"noopener\">James O\u2019Callaghan<\/a><\/li>\n<li style=\"text-align: center;\"><a href=\"https:\/\/www.tso.ca\/orchestra\/members-of-the-orchestra\/christopher-reiche-boucher\/\" target=\"_blank\" rel=\"noopener\">Christopher Reiche Boucher<\/a><\/li>\n<\/ul>\n<p>[\/et_pb_text][\/et_pb_column][\/et_pb_row][\/et_pb_section][et_pb_section fb_built=\u00a0\u00bb1&Prime; module_class=\u00a0\u00bbhome-news sub-footer-news\u00a0\u00bb _builder_version=\u00a0\u00bb4.21.0&Prime; _module_preset=\u00a0\u00bbdefault\u00a0\u00bb use_background_color_gradient=\u00a0\u00bbon\u00a0\u00bb background_color_gradient_direction=\u00a0\u00bb45deg\u00a0\u00bb background_color_gradient_stops=\u00a0\u00bb#001626 0%|rgba(0,115,216,0.66) 100%\u00a0\u00bb background_color_gradient_overlays_image=\u00a0\u00bbon\u00a0\u00bb background_image=\u00a0\u00bbhttps:\/\/www.composition.org\/wp-content\/uploads\/2023\/03\/CLC-Curls-e1678378703940.jpg\u00a0\u00bb background_size=\u00a0\u00bbcontain\u00a0\u00bb background_position=\u00a0\u00bbcenter_right\u00a0\u00bb background_horizontal_offset=\u00a0\u00bb0%\u00a0\u00bb top_divider_style=\u00a0\u00bbslant\u00a0\u00bb top_divider_color=\u00a0\u00bb#FFFFFF\u00a0\u00bb top_divider_height=\u00a0\u00bb70px\u00a0\u00bb top_divider_flip=\u00a0\u00bbhorizontal\u00a0\u00bb bottom_divider_style=\u00a0\u00bbslant\u00a0\u00bb bottom_divider_color=\u00a0\u00bb#000000&Prime; locked=\u00a0\u00bboff\u00a0\u00bb global_colors_info=\u00a0\u00bb{}\u00a0\u00bb da_is_popup=\u00a0\u00bboff\u00a0\u00bb da_exit_intent=\u00a0\u00bboff\u00a0\u00bb da_has_close=\u00a0\u00bbon\u00a0\u00bb da_alt_close=\u00a0\u00bboff\u00a0\u00bb da_dark_close=\u00a0\u00bboff\u00a0\u00bb da_not_modal=\u00a0\u00bbon\u00a0\u00bb da_is_singular=\u00a0\u00bboff\u00a0\u00bb da_with_loader=\u00a0\u00bboff\u00a0\u00bb da_has_shadow=\u00a0\u00bbon\u00a0\u00bb da_disable_devices=\u00a0\u00bboff|off|off\u00a0\u00bb][et_pb_row _builder_version=\u00a0\u00bb4.19.2&Prime; _module_preset=\u00a0\u00bbdefault\u00a0\u00bb animation_style=\u00a0\u00bbslide\u00a0\u00bb animation_direction=\u00a0\u00bbbottom\u00a0\u00bb animation_intensity_slide=\u00a0\u00bb20%\u00a0\u00bb animation_starting_opacity=\u00a0\u00bb50%\u00a0\u00bb global_colors_info=\u00a0\u00bb{}\u00a0\u00bb][et_pb_column type=\u00a0\u00bb4_4&Prime; _builder_version=\u00a0\u00bb4.19.2&Prime; _module_preset=\u00a0\u00bbdefault\u00a0\u00bb global_colors_info=\u00a0\u00bb{}\u00a0\u00bb][et_pb_blog fullwidth=\u00a0\u00bboff\u00a0\u00bb posts_number=\u00a0\u00bb3&Prime; include_categories=\u00a0\u00bb65&Prime; excerpt_length=\u00a0\u00bb100&Prime; show_more=\u00a0\u00bbon\u00a0\u00bb show_author=\u00a0\u00bboff\u00a0\u00bb show_categories=\u00a0\u00bboff\u00a0\u00bb show_pagination=\u00a0\u00bboff\u00a0\u00bb module_class=\u00a0\u00bbblog-grid-images et_blog_grid_equal_height\u00a0\u00bb _builder_version=\u00a0\u00bb4.21.0&Prime; _module_preset=\u00a0\u00bbdefault\u00a0\u00bb global_colors_info=\u00a0\u00bb{}\u00a0\u00bb][\/et_pb_blog][et_pb_button button_text=\u00a0\u00bbNouvelles\u00a0\u00bb button_alignment=\u00a0\u00bbcenter\u00a0\u00bb module_class=\u00a0\u00bbbutton-dark\u00a0\u00bb _builder_version=\u00a0\u00bb4.19.2&Prime; _module_preset=\u00a0\u00bbdefault\u00a0\u00bb global_colors_info=\u00a0\u00bb{}\u00a0\u00bb][\/et_pb_button][\/et_pb_column][\/et_pb_row][\/et_pb_section]<\/p>\n","protected":false},"excerpt":{"rendered":"<p>PIVOT est un programme de mentorat pour les compositeurs.trices canadien.ne.s en d\u00e9but de carri\u00e8re offert par la LCC en partenariat avec divers ensembles et organismes \u00e0 travers le pays. PIVOT offre une chance unique aux compositeurs.trices vivant au Canada de travailler directement avec un mentor professionnel. Apr\u00e8s le processus de s\u00e9lection, les organisateurs de PIVOT [&hellip;]<\/p>\n","protected":false},"author":1,"featured_media":0,"parent":8806,"menu_order":0,"comment_status":"closed","ping_status":"closed","template":"","meta":{"_acf_changed":false,"_et_pb_use_builder":"on","_et_pb_old_content":"","_et_gb_content_width":"","footnotes":""},"class_list":["post-8449","page","type-page","status-publish","hentry"],"acf":[],"_links":{"self":[{"href":"https:\/\/www.composition.org\/fr\/wp-json\/wp\/v2\/pages\/8449","targetHints":{"allow":["GET"]}}],"collection":[{"href":"https:\/\/www.composition.org\/fr\/wp-json\/wp\/v2\/pages"}],"about":[{"href":"https:\/\/www.composition.org\/fr\/wp-json\/wp\/v2\/types\/page"}],"author":[{"embeddable":true,"href":"https:\/\/www.composition.org\/fr\/wp-json\/wp\/v2\/users\/1"}],"replies":[{"embeddable":true,"href":"https:\/\/www.composition.org\/fr\/wp-json\/wp\/v2\/comments?post=8449"}],"version-history":[{"count":4,"href":"https:\/\/www.composition.org\/fr\/wp-json\/wp\/v2\/pages\/8449\/revisions"}],"predecessor-version":[{"id":10892,"href":"https:\/\/www.composition.org\/fr\/wp-json\/wp\/v2\/pages\/8449\/revisions\/10892"}],"up":[{"embeddable":true,"href":"https:\/\/www.composition.org\/fr\/wp-json\/wp\/v2\/pages\/8806"}],"wp:attachment":[{"href":"https:\/\/www.composition.org\/fr\/wp-json\/wp\/v2\/media?parent=8449"}],"curies":[{"name":"wp","href":"https:\/\/api.w.org\/{rel}","templated":true}]}}