{"id":8446,"date":"2023-03-09T15:05:08","date_gmt":"2023-03-09T19:05:08","guid":{"rendered":"https:\/\/www.composition.org\/prod\/personnel\/"},"modified":"2024-01-13T12:24:46","modified_gmt":"2024-01-13T16:24:46","slug":"personnel","status":"publish","type":"page","link":"https:\/\/www.composition.org\/fr\/a-propos-2-2\/personnel\/","title":{"rendered":"Personnel"},"content":{"rendered":"<p>[et_pb_section fb_built=\u00a0\u00bb1&Prime; _builder_version=\u00a0\u00bb4.21.0&Prime; _module_preset=\u00a0\u00bbdefault\u00a0\u00bb background_color=\u00a0\u00bb#f7f7f7&Prime; global_colors_info=\u00a0\u00bb{}\u00a0\u00bb][et_pb_row column_structure=\u00a0\u00bb1_3,2_3&Prime; _builder_version=\u00a0\u00bb4.19.2&Prime; _module_preset=\u00a0\u00bbdefault\u00a0\u00bb global_colors_info=\u00a0\u00bb{}\u00a0\u00bb][et_pb_column type=\u00a0\u00bb1_3&Prime; _builder_version=\u00a0\u00bb4.19.2&Prime; _module_preset=\u00a0\u00bbdefault\u00a0\u00bb global_colors_info=\u00a0\u00bb{}\u00a0\u00bb][et_pb_image src=\u00a0\u00bbhttps:\/\/www.composition.org\/wp-content\/uploads\/2023\/06\/August-Murphy-King-staff-scaled.jpg\u00a0\u00bb title_text=\u00a0\u00bbAugust Murphy-King (personnel)\u00a0\u00bb _builder_version=\u00a0\u00bb4.21.0&Prime; _module_preset=\u00a0\u00bbdefault\u00a0\u00bb custom_padding=\u00a0\u00bb7px|||||\u00a0\u00bb global_colors_info=\u00a0\u00bb{}\u00a0\u00bb][\/et_pb_image][\/et_pb_column][et_pb_column type=\u00a0\u00bb2_3&Prime; _builder_version=\u00a0\u00bb4.19.2&Prime; _module_preset=\u00a0\u00bbdefault\u00a0\u00bb global_colors_info=\u00a0\u00bb{}\u00a0\u00bb][et_pb_text module_class=\u00a0\u00bborange-after-mod\u00a0\u00bb _builder_version=\u00a0\u00bb4.21.0&Prime; _module_preset=\u00a0\u00bbdefault\u00a0\u00bb global_colors_info=\u00a0\u00bb{}\u00a0\u00bb]<\/p>\n<h3>August Murphy-King<\/h3>\n<h4>Directeur g\u00e9n\u00e9ral<\/h4>\n<p>Le directeur g\u00e9n\u00e9ral travaille de concert avec le pr\u00e9sidente de la Ligue et les pr\u00e9sidents des divers comit\u00e9s pour coordonner les \u00e9v\u00e9nements, les projets, les demandes de subventions, les communications, la publicit\u00e9, le marketing et la gestion en g\u00e9n\u00e9ral. Pour communiquer avec le directeur g\u00e9n\u00e9ral ou un membre du Conseil de la LCC, veuillez nous \u00e9crire \u00e0 <a href=\"mailto:generalmanager@composition.org\" target=\"_blank\" rel=\"noopener\">generalmanager@composition.org<\/a>.<\/p>\n<p>[\/et_pb_text][et_pb_text _builder_version=\u00a0\u00bb4.21.0&Prime; _module_preset=\u00a0\u00bbdefault\u00a0\u00bb global_colors_info=\u00a0\u00bb{}\u00a0\u00bb]<\/p>\n<p>Qu&rsquo;il s&rsquo;agisse de composer des musiques de film, de faire des recherches sur le rap, d&rsquo;organiser une s\u00e9rie de concerts consacr\u00e9e \u00e0 la nouvelle musique canadienne, de transporter des percussions dans le sud de l&rsquo;Ontario ou d&rsquo;aider une classe enti\u00e8re d&rsquo;\u00e9tudiants \u00e0 composer collectivement une pi\u00e8ce pour orchestre symphonique, le compositeur August Murphy-King a port\u00e9 un large \u00e9ventail de casquettes tout au long de sa carri\u00e8re musicale.<\/p>\n<p>Apr\u00e8s avoir perfectionn\u00e9 son art en tant que compositeur de musique de concert contemporaine et obtenu un doctorat en composition \u00e0 l&rsquo;Universit\u00e9 de Toronto, il a fait sa premi\u00e8re incursion dans la musique de film en 2019, en composant la musique du long m\u00e9trage irlando-canadien \u00ab\u00a0The Winter Lake\u00a0\u00bb. Fervent adepte de la collaboration, August travaille en \u00e9troite collaboration avec des r\u00e9alisateurs, des sc\u00e9naristes, des interpr\u00e8tes et des cr\u00e9ateurs de contenu afin d&rsquo;insuffler une vie musicale \u00e0 leurs projets.<\/p>\n<p>Actuellement install\u00e9 \u00e0 Toronto, August vit avec sa fianc\u00e9e, l&rsquo;altiste Emilie G\u00e9linas-Noble. Lorsqu&rsquo;il ne travaille pas sur la musique, on le trouve g\u00e9n\u00e9ralement en train de faire quelque chose dans la cuisine.<\/p>\n<p>[\/et_pb_text][\/et_pb_column][\/et_pb_row][\/et_pb_section][et_pb_section fb_built=\u00a0\u00bb1&Prime; _builder_version=\u00a0\u00bb4.21.0&Prime; _module_preset=\u00a0\u00bbdefault\u00a0\u00bb background_enable_color=\u00a0\u00bboff\u00a0\u00bb global_colors_info=\u00a0\u00bb{}\u00a0\u00bb][et_pb_row column_structure=\u00a0\u00bb1_3,2_3&Prime; _builder_version=\u00a0\u00bb4.22.0&Prime; _module_preset=\u00a0\u00bbdefault\u00a0\u00bb hover_enabled=\u00a0\u00bb0&Prime; global_colors_info=\u00a0\u00bb{}\u00a0\u00bb sticky_enabled=\u00a0\u00bb0&Prime;][et_pb_column type=\u00a0\u00bb1_3&Prime; _builder_version=\u00a0\u00bb4.19.2&Prime; _module_preset=\u00a0\u00bbdefault\u00a0\u00bb global_colors_info=\u00a0\u00bb{}\u00a0\u00bb][et_pb_image src=\u00a0\u00bbhttps:\/\/www.composition.org\/wp-content\/uploads\/2024\/01\/DSCF0009-Curtis-Perry-scaled.jpg\u00a0\u00bb _builder_version=\u00a0\u00bb4.22.0&Prime; _module_preset=\u00a0\u00bbdefault\u00a0\u00bb custom_padding=\u00a0\u00bb47px|||||\u00a0\u00bb hover_enabled=\u00a0\u00bb0&Prime; global_colors_info=\u00a0\u00bb{}\u00a0\u00bb title_text=\u00a0\u00bbDSCF0009 Curtis Perry\u00a0\u00bb module_class=\u00a0\u00bbpa-image-1-1&Prime; sticky_enabled=\u00a0\u00bb0&Prime;][\/et_pb_image][\/et_pb_column][et_pb_column type=\u00a0\u00bb2_3&Prime; _builder_version=\u00a0\u00bb4.19.2&Prime; _module_preset=\u00a0\u00bbdefault\u00a0\u00bb global_colors_info=\u00a0\u00bb{}\u00a0\u00bb][et_pb_text module_class=\u00a0\u00bbcitron-after-mod\u00a0\u00bb _builder_version=\u00a0\u00bb4.21.0&Prime; _module_preset=\u00a0\u00bbdefault\u00a0\u00bb global_colors_info=\u00a0\u00bb{}\u00a0\u00bb]<\/p>\n<h3>Gabo Champagne<\/h3>\n<h4>Directeur\u00b7ice g\u00e9n\u00e9ral\u00b7e adjoint\u00b7e<\/h4>\n<p>Le\u00b7a directeur\u00b7ice g\u00e9n\u00e9ral\u00b7e adjoint\u00b7e travaille de pair avec le directeur g\u00e9n\u00e9ral et avec le conseil d&rsquo;administration pour assurer le bon d\u00e9roulement des activit\u00e9s quotidiennes de la LCC et s\u2019implique \u00e9galement \u00e0 la gestion des \u00e9v\u00e9nements et des projets sp\u00e9ciaux. Pour contacter le\u00b7a directeur\u00b7ice g\u00e9n\u00e9ral\u00b7e adjoint\u00b7e, veuillez nous \u00e9crire \u00e0 <a href=\"mailto:admin@composition.org\" target=\"_blank\" rel=\"noopener\">admin@composition.org<\/a>.<\/p>\n<p>[\/et_pb_text][et_pb_text _builder_version=\u00a0\u00bb4.21.0&Prime; _module_preset=\u00a0\u00bbdefault\u00a0\u00bb global_colors_info=\u00a0\u00bb{}\u00a0\u00bb]<\/p>\n<p>Gabo est un\u00b7e artiste transdisciplinaire vivant et travaillant \u00e0 Tiohti\u00e1:ke\/Mooniyang (Montr\u00e9al). Son travail est aux confluents de la musique contemporaine, du th\u00e9\u00e2tre exp\u00e9rimental, de l\u2019art performance, de la vid\u00e9o, de la musique \u00e9lectroacoustique et de la conception d\u2019\u00e9clairage. Artiste polyvalent.e, iel a sign\u00e9 plusieurs (co-)cr\u00e9ations \u00e0 titre de compositeur\u00b7ice, acteur\u00b7ice-danseur\u00b7euse, instrumentiste, performer, metteur\u00b7e en sc\u00e8ne, dramaturge, auteur\u00b7ice, concepteur\u00b7ice d\u2019\u00e9clairage, concepteur\u00b7ice sonore et artiste vid\u00e9o. Ses plus r\u00e9centes \u0153uvres c\u00f4toient des formes telles que l\u2019op\u00e9ra contemporain, le th\u00e9\u00e2tre musical exp\u00e9rimental et la vid\u00e9o-performance.<\/p>\n<p>[\/et_pb_text][\/et_pb_column][\/et_pb_row][\/et_pb_section][et_pb_section fb_built=\u00a0\u00bb1&Prime; module_class=\u00a0\u00bbhome-news sub-footer-news\u00a0\u00bb _builder_version=\u00a0\u00bb4.21.0&Prime; _module_preset=\u00a0\u00bbdefault\u00a0\u00bb use_background_color_gradient=\u00a0\u00bbon\u00a0\u00bb background_color_gradient_direction=\u00a0\u00bb45deg\u00a0\u00bb background_color_gradient_stops=\u00a0\u00bb#001626 0%|rgba(0,115,216,0.66) 100%\u00a0\u00bb background_color_gradient_overlays_image=\u00a0\u00bbon\u00a0\u00bb background_image=\u00a0\u00bbhttps:\/\/www.composition.org\/wp-content\/uploads\/2023\/03\/CLC-Curls-e1678378703940.jpg\u00a0\u00bb background_size=\u00a0\u00bbcontain\u00a0\u00bb background_position=\u00a0\u00bbcenter_right\u00a0\u00bb background_horizontal_offset=\u00a0\u00bb0%\u00a0\u00bb top_divider_style=\u00a0\u00bbslant\u00a0\u00bb top_divider_color=\u00a0\u00bb#ffffff\u00a0\u00bb top_divider_height=\u00a0\u00bb70px\u00a0\u00bb top_divider_flip=\u00a0\u00bbhorizontal\u00a0\u00bb bottom_divider_style=\u00a0\u00bbslant\u00a0\u00bb bottom_divider_color=\u00a0\u00bb#000000&Prime; locked=\u00a0\u00bboff\u00a0\u00bb global_colors_info=\u00a0\u00bb{}\u00a0\u00bb][et_pb_row _builder_version=\u00a0\u00bb4.19.2&Prime; _module_preset=\u00a0\u00bbdefault\u00a0\u00bb animation_style=\u00a0\u00bbslide\u00a0\u00bb animation_direction=\u00a0\u00bbbottom\u00a0\u00bb animation_intensity_slide=\u00a0\u00bb20%\u00a0\u00bb animation_starting_opacity=\u00a0\u00bb50%\u00a0\u00bb global_colors_info=\u00a0\u00bb{}\u00a0\u00bb][et_pb_column type=\u00a0\u00bb4_4&Prime; _builder_version=\u00a0\u00bb4.19.2&Prime; _module_preset=\u00a0\u00bbdefault\u00a0\u00bb global_colors_info=\u00a0\u00bb{}\u00a0\u00bb][et_pb_blog fullwidth=\u00a0\u00bboff\u00a0\u00bb posts_number=\u00a0\u00bb3&Prime; include_categories=\u00a0\u00bb65&Prime; excerpt_length=\u00a0\u00bb100&Prime; show_more=\u00a0\u00bbon\u00a0\u00bb show_author=\u00a0\u00bboff\u00a0\u00bb show_categories=\u00a0\u00bboff\u00a0\u00bb show_pagination=\u00a0\u00bboff\u00a0\u00bb module_class=\u00a0\u00bbblog-grid-images et_blog_grid_equal_height\u00a0\u00bb _builder_version=\u00a0\u00bb4.21.0&Prime; _module_preset=\u00a0\u00bbdefault\u00a0\u00bb global_colors_info=\u00a0\u00bb{}\u00a0\u00bb][\/et_pb_blog][et_pb_button button_text=\u00a0\u00bbNouvelles\u00a0\u00bb button_alignment=\u00a0\u00bbcenter\u00a0\u00bb module_class=\u00a0\u00bbbutton-dark\u00a0\u00bb _builder_version=\u00a0\u00bb4.19.2&Prime; _module_preset=\u00a0\u00bbdefault\u00a0\u00bb global_colors_info=\u00a0\u00bb{}\u00a0\u00bb][\/et_pb_button][\/et_pb_column][\/et_pb_row][\/et_pb_section]<\/p>\n","protected":false},"excerpt":{"rendered":"<p>August Murphy-King Directeur g\u00e9n\u00e9ral Le directeur g\u00e9n\u00e9ral travaille de concert avec le pr\u00e9sidente de la Ligue et les pr\u00e9sidents des divers comit\u00e9s pour coordonner les \u00e9v\u00e9nements, les projets, les demandes de subventions, les communications, la publicit\u00e9, le marketing et la gestion en g\u00e9n\u00e9ral. Pour communiquer avec le directeur g\u00e9n\u00e9ral ou un membre du Conseil de [&hellip;]<\/p>\n","protected":false},"author":1,"featured_media":0,"parent":8494,"menu_order":0,"comment_status":"closed","ping_status":"closed","template":"","meta":{"_acf_changed":false,"_et_pb_use_builder":"on","_et_pb_old_content":"","_et_gb_content_width":"","footnotes":""},"class_list":["post-8446","page","type-page","status-publish","hentry"],"acf":[],"_links":{"self":[{"href":"https:\/\/www.composition.org\/fr\/wp-json\/wp\/v2\/pages\/8446","targetHints":{"allow":["GET"]}}],"collection":[{"href":"https:\/\/www.composition.org\/fr\/wp-json\/wp\/v2\/pages"}],"about":[{"href":"https:\/\/www.composition.org\/fr\/wp-json\/wp\/v2\/types\/page"}],"author":[{"embeddable":true,"href":"https:\/\/www.composition.org\/fr\/wp-json\/wp\/v2\/users\/1"}],"replies":[{"embeddable":true,"href":"https:\/\/www.composition.org\/fr\/wp-json\/wp\/v2\/comments?post=8446"}],"version-history":[{"count":3,"href":"https:\/\/www.composition.org\/fr\/wp-json\/wp\/v2\/pages\/8446\/revisions"}],"predecessor-version":[{"id":9302,"href":"https:\/\/www.composition.org\/fr\/wp-json\/wp\/v2\/pages\/8446\/revisions\/9302"}],"up":[{"embeddable":true,"href":"https:\/\/www.composition.org\/fr\/wp-json\/wp\/v2\/pages\/8494"}],"wp:attachment":[{"href":"https:\/\/www.composition.org\/fr\/wp-json\/wp\/v2\/media?parent=8446"}],"curies":[{"name":"wp","href":"https:\/\/api.w.org\/{rel}","templated":true}]}}