{"id":8437,"date":"2023-03-27T21:38:05","date_gmt":"2023-03-28T05:38:05","guid":{"rendered":"https:\/\/www.composition.org\/prod\/faites-un-don\/"},"modified":"2023-06-14T11:29:50","modified_gmt":"2023-06-14T19:29:50","slug":"faites-un-don","status":"publish","type":"page","link":"https:\/\/www.composition.org\/fr\/faites-un-don\/","title":{"rendered":"Faites un don"},"content":{"rendered":"<p>[et_pb_section fb_built=\u00a0\u00bb1&Prime; _builder_version=\u00a0\u00bb4.20.2&Prime; _module_preset=\u00a0\u00bbdefault\u00a0\u00bb background_color=\u00a0\u00bb#f7f7f7&Prime; global_colors_info=\u00a0\u00bb{}\u00a0\u00bb][et_pb_row module_class=\u00a0\u00bbnarrow60 donation-intro\u00a0\u00bb _builder_version=\u00a0\u00bb4.20.2&Prime; _module_preset=\u00a0\u00bbdefault\u00a0\u00bb global_colors_info=\u00a0\u00bb{}\u00a0\u00bb][et_pb_column type=\u00a0\u00bb4_4&Prime; _builder_version=\u00a0\u00bb4.19.2&Prime; _module_preset=\u00a0\u00bbdefault\u00a0\u00bb global_colors_info=\u00a0\u00bb{}\u00a0\u00bb][et_pb_text module_class=\u00a0\u00bbheading center orange-after\u00a0\u00bb _builder_version=\u00a0\u00bb4.20.2&Prime; _module_preset=\u00a0\u00bbdefault\u00a0\u00bb custom_padding=\u00a0\u00bb0px|||||\u00a0\u00bb global_colors_info=\u00a0\u00bb{}\u00a0\u00bb]<\/p>\n<h2 style=\"text-align: center;\">Nous soutenir<\/h2>\n<p>[\/et_pb_text][et_pb_text _builder_version=\u00a0\u00bb4.19.2&Prime; _module_preset=\u00a0\u00bbdefault\u00a0\u00bb custom_padding=\u00a0\u00bb0px|||||\u00a0\u00bb global_colors_info=\u00a0\u00bb{}\u00a0\u00bb]<\/p>\n<p style=\"text-align: center;\"><span style=\"font-weight: 400;\">Votre don \u00e0 la Ligue canadienne des compositeurs nous aidera \u00e0 poursuivre nos efforts afin de cr\u00e9er un climat qui accorde de l&rsquo;importance aux compositeurs canadiens et \u00e0 leur musique.<\/span><\/p>\n<p>[\/et_pb_text][\/et_pb_column][\/et_pb_row][et_pb_row module_class=\u00a0\u00bbnarrow60&Prime; _builder_version=\u00a0\u00bb4.20.2&Prime; _module_preset=\u00a0\u00bbdefault\u00a0\u00bb global_colors_info=\u00a0\u00bb{}\u00a0\u00bb][et_pb_column type=\u00a0\u00bb4_4&Prime; _builder_version=\u00a0\u00bb4.19.2&Prime; _module_preset=\u00a0\u00bbdefault\u00a0\u00bb global_colors_info=\u00a0\u00bb{}\u00a0\u00bb][et_pb_code _builder_version=\u00a0\u00bb4.20.2&Prime; _module_preset=\u00a0\u00bbdefault\u00a0\u00bb global_colors_info=\u00a0\u00bb{}\u00a0\u00bb]<script id=\"ch_cdn_embed\" type=\"text\/javascript\" src=\"https:\/\/www.canadahelps.org\/secure\/js\/cdf_embed.2.js\" charset=\"utf-8\" data-language=\"en\" data-page-id=\"4795\" data-root-url=\"https:\/\/www.canadahelps.org\" data-formtype=\"0\" data-cfasync=\"false\"><\/script><!-- [et_pb_line_break_holder] --><\/p>\n<style><!-- [et_pb_line_break_holder] -->  .ff-container{<!-- [et_pb_line_break_holder] -->    box-shadow:none!important;<!-- [et_pb_line_break_holder] -->  }<!-- [et_pb_line_break_holder] --><\/style>\n<p><!-- [et_pb_line_break_holder] -->[\/et_pb_code][\/et_pb_column][\/et_pb_row][\/et_pb_section][et_pb_section fb_built=\u00a0\u00bb1&Prime; module_class=\u00a0\u00bbhome-news sub-footer-news\u00a0\u00bb _builder_version=\u00a0\u00bb4.20.2&Prime; _module_preset=\u00a0\u00bbdefault\u00a0\u00bb use_background_color_gradient=\u00a0\u00bbon\u00a0\u00bb background_color_gradient_direction=\u00a0\u00bb45deg\u00a0\u00bb background_color_gradient_stops=\u00a0\u00bb#001626 0%|rgba(0,115,216,0.66) 100%\u00a0\u00bb background_color_gradient_overlays_image=\u00a0\u00bbon\u00a0\u00bb background_image=\u00a0\u00bbhttps:\/\/www.composition.org\/wp-content\/uploads\/2023\/03\/CLC-Curls-e1678378703940.jpg\u00a0\u00bb background_size=\u00a0\u00bbcontain\u00a0\u00bb background_position=\u00a0\u00bbcenter_right\u00a0\u00bb background_horizontal_offset=\u00a0\u00bb0%\u00a0\u00bb top_divider_style=\u00a0\u00bbslant\u00a0\u00bb top_divider_color=\u00a0\u00bb#f5f5f5&Prime; top_divider_height=\u00a0\u00bb70px\u00a0\u00bb top_divider_flip=\u00a0\u00bbhorizontal\u00a0\u00bb bottom_divider_style=\u00a0\u00bbslant\u00a0\u00bb bottom_divider_color=\u00a0\u00bb#000000&Prime; global_module=\u00a0\u00bb1301&Prime; locked=\u00a0\u00bboff\u00a0\u00bb global_colors_info=\u00a0\u00bb{}\u00a0\u00bb][et_pb_row _builder_version=\u00a0\u00bb4.19.2&Prime; _module_preset=\u00a0\u00bbdefault\u00a0\u00bb animation_style=\u00a0\u00bbslide\u00a0\u00bb animation_direction=\u00a0\u00bbbottom\u00a0\u00bb animation_intensity_slide=\u00a0\u00bb20%\u00a0\u00bb animation_starting_opacity=\u00a0\u00bb50%\u00a0\u00bb global_colors_info=\u00a0\u00bb{}\u00a0\u00bb][et_pb_column type=\u00a0\u00bb4_4&Prime; _builder_version=\u00a0\u00bb4.19.2&Prime; _module_preset=\u00a0\u00bbdefault\u00a0\u00bb global_colors_info=\u00a0\u00bb{}\u00a0\u00bb][et_pb_blog fullwidth=\u00a0\u00bboff\u00a0\u00bb posts_number=\u00a0\u00bb3&Prime; include_categories=\u00a0\u00bb3&Prime; show_more=\u00a0\u00bbon\u00a0\u00bb show_author=\u00a0\u00bboff\u00a0\u00bb show_categories=\u00a0\u00bboff\u00a0\u00bb show_pagination=\u00a0\u00bboff\u00a0\u00bb module_class=\u00a0\u00bbblog-grid-images et_blog_grid_equal_height\u00a0\u00bb _builder_version=\u00a0\u00bb4.19.2&Prime; _module_preset=\u00a0\u00bbdefault\u00a0\u00bb global_colors_info=\u00a0\u00bb{}\u00a0\u00bb][\/et_pb_blog][et_pb_button button_text=\u00a0\u00bbNouvelles\u00a0\u00bb button_alignment=\u00a0\u00bbcenter\u00a0\u00bb module_class=\u00a0\u00bbbutton-dark\u00a0\u00bb _builder_version=\u00a0\u00bb4.19.2&Prime; _module_preset=\u00a0\u00bbdefault\u00a0\u00bb global_colors_info=\u00a0\u00bb{}\u00a0\u00bb][\/et_pb_button][\/et_pb_column][\/et_pb_row][\/et_pb_section]<\/p>\n","protected":false},"excerpt":{"rendered":"<p>Nous soutenirVotre don \u00e0 la Ligue canadienne des compositeurs nous aidera \u00e0 poursuivre nos efforts afin de cr\u00e9er un climat qui accorde de l&rsquo;importance aux compositeurs canadiens et \u00e0 leur musique.<\/p>\n","protected":false},"author":1,"featured_media":0,"parent":0,"menu_order":0,"comment_status":"closed","ping_status":"closed","template":"","meta":{"_acf_changed":false,"_et_pb_use_builder":"on","_et_pb_old_content":"","_et_gb_content_width":"","footnotes":""},"class_list":["post-8437","page","type-page","status-publish","hentry"],"acf":[],"_links":{"self":[{"href":"https:\/\/www.composition.org\/fr\/wp-json\/wp\/v2\/pages\/8437","targetHints":{"allow":["GET"]}}],"collection":[{"href":"https:\/\/www.composition.org\/fr\/wp-json\/wp\/v2\/pages"}],"about":[{"href":"https:\/\/www.composition.org\/fr\/wp-json\/wp\/v2\/types\/page"}],"author":[{"embeddable":true,"href":"https:\/\/www.composition.org\/fr\/wp-json\/wp\/v2\/users\/1"}],"replies":[{"embeddable":true,"href":"https:\/\/www.composition.org\/fr\/wp-json\/wp\/v2\/comments?post=8437"}],"version-history":[{"count":2,"href":"https:\/\/www.composition.org\/fr\/wp-json\/wp\/v2\/pages\/8437\/revisions"}],"predecessor-version":[{"id":8439,"href":"https:\/\/www.composition.org\/fr\/wp-json\/wp\/v2\/pages\/8437\/revisions\/8439"}],"wp:attachment":[{"href":"https:\/\/www.composition.org\/fr\/wp-json\/wp\/v2\/media?parent=8437"}],"curies":[{"name":"wp","href":"https:\/\/api.w.org\/{rel}","templated":true}]}}