{"id":8426,"date":"2023-05-24T08:06:45","date_gmt":"2023-05-24T12:06:45","guid":{"rendered":"https:\/\/www.composition.org\/prod\/prix-des-amis-de-la-musique-canadienne\/"},"modified":"2025-12-17T20:47:09","modified_gmt":"2025-12-18T00:47:09","slug":"prix-des-amis-de-la-musique-canadienne","status":"publish","type":"page","link":"https:\/\/www.composition.org\/fr\/programmes\/prix-des-amis-de-la-musique-canadienne\/","title":{"rendered":"Prix des amis de la musique canadienne"},"content":{"rendered":"<p>[et_pb_section fb_built=\u00a0\u00bb1&Prime; _builder_version=\u00a0\u00bb4.20.2&Prime; _module_preset=\u00a0\u00bbdefault\u00a0\u00bb background_color=\u00a0\u00bb#f7f7f7&Prime; da_disable_devices=\u00a0\u00bboff|off|off\u00a0\u00bb global_colors_info=\u00a0\u00bb{}\u00a0\u00bb da_is_popup=\u00a0\u00bboff\u00a0\u00bb da_exit_intent=\u00a0\u00bboff\u00a0\u00bb da_has_close=\u00a0\u00bbon\u00a0\u00bb da_alt_close=\u00a0\u00bboff\u00a0\u00bb da_dark_close=\u00a0\u00bboff\u00a0\u00bb da_not_modal=\u00a0\u00bbon\u00a0\u00bb da_is_singular=\u00a0\u00bboff\u00a0\u00bb da_with_loader=\u00a0\u00bboff\u00a0\u00bb da_has_shadow=\u00a0\u00bbon\u00a0\u00bb][et_pb_row module_class=\u00a0\u00bbnarrow70&Prime; _builder_version=\u00a0\u00bb4.21.0&Prime; _module_preset=\u00a0\u00bbdefault\u00a0\u00bb global_colors_info=\u00a0\u00bb{}\u00a0\u00bb][et_pb_column type=\u00a0\u00bb4_4&Prime; _builder_version=\u00a0\u00bb4.21.0&Prime; _module_preset=\u00a0\u00bbdefault\u00a0\u00bb global_colors_info=\u00a0\u00bb{}\u00a0\u00bb][et_pb_text _builder_version=\u00a0\u00bb4.27.4&Prime; _module_preset=\u00a0\u00bbdefault\u00a0\u00bb global_colors_info=\u00a0\u00bb{}\u00a0\u00bb]<\/p>\n<p><span style=\"font-weight: 400;\">La Ligue canadienne des compositeurs est engag\u00e9e \u00e0 c\u00e9l\u00e9brer et promouvoir les compositeurs canadiens par le biais d\u2019administration d\u2019activit\u00e9s telles que le Prix des Amis de la musique canadienne, certains prix sp\u00e9ciaux de composition, ainsi que la section canadienne de la Soci\u00e9t\u00e9 Internationale de Musique Contemporaine (SIMC). De plus, nous participons aux nominations et faisons preuve de soutient envers nos compositeurs pour des prix tels ceux de l\u2019Ordre du Canada et des provinces. Nous encourageons et soutenons les nominations de compositeurs canadiens, puisque la reconnaissance de l\u2019excellence en composition favorise un environnement ou la valeur de l\u2019art musical canadien tient une grande importance. La Ligue canadienne des compositeurs organise p\u00e9riodiquement des concours qui d\u00e9cernent des prix aux compositeurs.<\/span><\/p>\n<p><span style=\"font-weight: 400;\">Chaque ann\u00e9e, le Prix des Amis de la musique canadienne souligne la contribution des personnes qui ont d\u00e9montr\u00e9 un engagement exceptionnel, \u00e0 l\u2019\u00e9chelle nationale, envers les compositeurs canadiens et leur musique. Ce prix est g\u00e9r\u00e9 et remis conjointement par le Centre de musique canadienne (CMC) et la Ligue canadienne des compositeurs (LCC). La valeur du Prix des Amis de la musique canadienne est de <strong>6<\/strong><\/span><b>000 $<\/b><span style=\"font-weight: 400;\">. Le Prix sera r\u00e9parti comme suit :<\/span> <em><strong>3<\/strong><\/em><b><i>000 $ pour le laur\u00e9at<\/i><\/b><span style=\"font-weight: 400;\"> et <em><strong>3<\/strong><\/em><\/span><b><i>000 $ pour un.e compositeur\u00b7ice choisi\u00b7e par le laur\u00e9at<\/i><\/b><span style=\"font-weight: 400;\">. Cette division du prix permet de soutenir les efforts d\u2019un compositeur en d\u00e9but de carri\u00e8re, sans restriction d\u2019\u00e2ge, et contribue \u00e0 cr\u00e9er des liens entre les milieux \u00e9tablis et sous-repr\u00e9sent\u00e9s ou isol\u00e9s.<\/span><\/p>\n<p>Pour nommer un\u00b7e candidat\u00b7e \u00e0 l&rsquo;\u00e9dition 2025 du prix, veuillez <a href=\"https:\/\/forms.gle\/dACfodDEXP5ByFoR8\" target=\"_blank\" rel=\"noopener\">cliquer ici<\/a>.<\/p>\n<p><span style=\"font-weight: 400;\"><\/span><\/p>\n<p>[\/et_pb_text][et_pb_text module_class=\u00a0\u00bbcitron-after heading center-all\u00a0\u00bb _builder_version=\u00a0\u00bb4.21.0&Prime; _module_preset=\u00a0\u00bbdefault\u00a0\u00bb locked=\u00a0\u00bboff\u00a0\u00bb global_colors_info=\u00a0\u00bb{}\u00a0\u00bb]<\/p>\n<h2 style=\"text-align: left;\">Laur\u00e9ats actuels<\/h2>\n<p>[\/et_pb_text][et_pb_image src=\u00a0\u00bbhttps:\/\/www.composition.org\/wp-content\/uploads\/2025\/12\/Friends-of-Canadian-Music-Award-2025-1.png\u00a0\u00bb alt=\u00a0\u00bbPrix des Amis de la musique canadienne 2022 \u00a0\u00bb title_text=\u00a0\u00bbFriends of Canadian Music Award 2025 (1)\u00a0\u00bb align=\u00a0\u00bbcenter\u00a0\u00bb _builder_version=\u00a0\u00bb4.27.4&Prime; _module_preset=\u00a0\u00bbdefault\u00a0\u00bb width=\u00a0\u00bb66%\u00a0\u00bb hover_enabled=\u00a0\u00bb0&Prime; global_colors_info=\u00a0\u00bb{}\u00a0\u00bb sticky_enabled=\u00a0\u00bb0&Prime;][\/et_pb_image][et_pb_text _builder_version=\u00a0\u00bb4.27.4&Prime; _module_preset=\u00a0\u00bbdefault\u00a0\u00bb hover_enabled=\u00a0\u00bb0&Prime; global_colors_info=\u00a0\u00bb{}\u00a0\u00bb sticky_enabled=\u00a0\u00bb0&Prime;]<\/p>\n<p><span>La Ligue canadienne des compositeurs et le Centre de musique canadienne sont heureux de vous annoncer que\u00a0<\/span><a href=\"https:\/\/elainekeillor.ca\/\" target=\"_blank\" rel=\"noopener\"><strong>Elaine Keillor<\/strong><\/a><span> est la gagnante du Prix des amix de la musique canadienne 2024. Cris a choisi J. Alex Young<\/span><span>\u00a0pour \u00eatre soutenu comme artiste \u00e9mergent.<\/span><\/p>\n<p>[\/et_pb_text][\/et_pb_column][\/et_pb_row][et_pb_row module_class=\u00a0\u00bbnarrow70&Prime; _builder_version=\u00a0\u00bb4.21.0&Prime; _module_preset=\u00a0\u00bbdefault\u00a0\u00bb global_colors_info=\u00a0\u00bb{}\u00a0\u00bb][et_pb_column type=\u00a0\u00bb4_4&Prime; _builder_version=\u00a0\u00bb4.21.0&Prime; _module_preset=\u00a0\u00bbdefault\u00a0\u00bb global_colors_info=\u00a0\u00bb{}\u00a0\u00bb][et_pb_text module_class=\u00a0\u00bbcitron-after heading center-all\u00a0\u00bb _builder_version=\u00a0\u00bb4.21.0&Prime; _module_preset=\u00a0\u00bbdefault\u00a0\u00bb locked=\u00a0\u00bboff\u00a0\u00bb global_colors_info=\u00a0\u00bb{}\u00a0\u00bb]<\/p>\n<h2 style=\"text-align: left;\">Anciens laur\u00e9ats<\/h2>\n<p>[\/et_pb_text][et_pb_text _builder_version=\u00a0\u00bb4.27.4&Prime; _module_preset=\u00a0\u00bbdefault\u00a0\u00bb hover_enabled=\u00a0\u00bb0&Prime; global_colors_info=\u00a0\u00bb{}\u00a0\u00bb sticky_enabled=\u00a0\u00bb0&Prime;]<\/p>\n<p><b>2024 <\/b><a href=\"https:\/\/www.crisderksen.com\/\" target=\"_blank\" rel=\"noopener\">Cris Derksen<\/a> (partag\u00e9 avec <a href=\"https:\/\/sonnyraydayrider.com\/\" target=\"_blank\" rel=\"noopener\">Sonny-Ray Day Rider<\/a>)<b><br \/>2023 <\/b><a href=\"https:\/\/www.dylanrobinson.ca\/\" target=\"_blank\" rel=\"noopener\">Dylan Robinson<\/a> (partag\u00e9 avec <a href=\"https:\/\/www.instagram.com\/indigenousmusic\/\" target=\"_blank\" rel=\"noopener\">Sherryl Sewepagaham<\/a>)<b><br \/>2022 <\/b><a href=\"https:\/\/marionnewman.squarespace.com\/\" target=\"_blank\" rel=\"noopener\">Marion Newman<\/a> et\u00a0<a href=\"https:\/\/www.continuummusic.ca\/\" target=\"_blank\" rel=\"noopener\">Continuum Contemporary Music<\/a> comme co-laur\u00e9at\u00b7es (partag\u00e9 avec <a href=\"https:\/\/www.jessicamcmann.com\/\" target=\"_blank\" rel=\"noopener\">Jessica McMann <\/a>et <a href=\"https:\/\/www.amybrandon.ca\/\" target=\"_blank\" rel=\"noopener\">Amy Brandon<\/a>)<b><br \/>2021<\/b>\u00a0<a href=\"https:\/\/marktakeshimcgregor.com\/\" target=\"_blank\" rel=\"noopener\">Mark Takeshi McGregor<\/a><span style=\"font-weight: 400;\"> (partag\u00e9 avec<\/span><a href=\"https:\/\/acwc.ca\/members\/maria-eduarda-mendes-martins\/\" target=\"_blank\" rel=\"noopener\"><span style=\"font-weight: 400;\">Maria Eduarda Mendes Martins<\/span><\/a><span style=\"font-weight: 400;\">)<\/span><span style=\"font-weight: 400;\"><br \/><\/span><b>2020 <\/b><a href=\"https:\/\/www.thinedgenewmusiccollective.com\/\" target=\"_blank\" rel=\"noopener\"><span style=\"font-weight: 400;\">Thin Edge New Music Collective<\/span><\/a><span style=\"font-weight: 400;\"> (partag\u00e9 avec<\/span><a href=\"https:\/\/kimiakoochakzadehyazdi.com\/\" target=\"_blank\" rel=\"noopener\"><span style=\"font-weight: 400;\">Kimia Koochakzadeh-Yazdi<\/span><\/a><span style=\"font-weight: 400;\">)<\/span><span style=\"font-weight: 400;\"><br \/><\/span><b>2019 <\/b><a href=\"https:\/\/quasar4.com\/en\" target=\"_blank\" rel=\"noopener\"><span style=\"font-weight: 400;\">Quatuor de saxophones Quasar<\/span><\/a><span style=\"font-weight: 400;\"> (partag\u00e9 avec <\/span><a href=\"http:\/\/www.myriambleau.com\/\" target=\"_blank\" rel=\"noopener\"><span style=\"font-weight: 400;\">Myriam Bleau<\/span><\/a><span style=\"font-weight: 400;\">)<\/span><span style=\"font-weight: 400;\"><br \/><\/span><b>2018 <\/b><a href=\"https:\/\/janicejackson.ca\/\" target=\"_blank\" rel=\"noopener\"><span style=\"font-weight: 400;\">Janice Isabel Jackson <\/span><\/a><span style=\"font-weight: 400;\">(partag\u00e9 avec <\/span><a href=\"https:\/\/www.sophiedupuismusic.com\/\" target=\"_blank\" rel=\"noopener\"><span style=\"font-weight: 400;\">Sophie Dupuis<\/span><\/a><span style=\"font-weight: 400;\">)<\/span><span style=\"font-weight: 400;\"><br \/><\/span><b>2017 <\/b><a href=\"https:\/\/taniamiller.com\/\" target=\"_blank\" rel=\"noopener\"><span style=\"font-weight: 400;\">Tania Miller<\/span><\/a><span style=\"font-weight: 400;\"> (partag\u00e9 avec Carmyn Slater)<\/span><span style=\"font-weight: 400;\"><br \/><\/span><b>2016<\/b> <a href=\"https:\/\/www.timbrady.ca\/\" target=\"_blank\" rel=\"noopener\"><span style=\"font-weight: 400;\">Tim Brady <\/span><\/a><span style=\"font-weight: 400;\">(partag\u00e9 avec<\/span><a href=\"http:\/\/gabrieldharmoo.org\/en\/home\" target=\"_blank\" rel=\"noopener\"><span style=\"font-weight: 400;\">Gabriel Dharmoo<\/span><\/a><span style=\"font-weight: 400;\">)<\/span><span style=\"font-weight: 400;\"><br \/><\/span><b>2015<\/b> <a href=\"https:\/\/nyoc.org\/\" target=\"_blank\" rel=\"noopener\"><span style=\"font-weight: 400;\"> l\u2019Orchestre national des jeunes du Canada<\/span><\/a><span style=\"font-weight: 400;\"> (partag\u00e9 avec<\/span><a href=\"https:\/\/www.christophergoddard.com\/\" target=\"_blank\" rel=\"noopener\"><span style=\"font-weight: 400;\">Christopher Goddard<\/span><\/a><span style=\"font-weight: 400;\">)<\/span><span style=\"font-weight: 400;\"><br \/><\/span><b>2014<\/b> <a href=\"https:\/\/quatuorbozzini.ca\/en\/quatuor\" target=\"_blank\" rel=\"noopener\"><span style=\"font-weight: 400;\">Quatuor Bozzini<\/span><\/a><span style=\"font-weight: 400;\"> (partag\u00e9 avec<\/span><a href=\"http:\/\/kylebrenders.ca\/\" target=\"_blank\" rel=\"noopener\"><span style=\"font-weight: 400;\">Kyle Brenders<\/span><\/a><span style=\"font-weight: 400;\"> et<\/span><a href=\"https:\/\/jamesocallaghan.com\/\" target=\"_blank\" rel=\"noopener\"><span style=\"font-weight: 400;\">James O\u2019Callaghan<\/span><\/a><span style=\"font-weight: 400;\">)<\/span><span style=\"font-weight: 400;\"><br \/><\/span><b>2013<\/b> <a href=\"https:\/\/www.bramwelltovey.com\/\" target=\"_blank\" rel=\"noopener\"><span style=\"font-weight: 400;\">Bramwell Tovey<\/span><\/a><span style=\"font-weight: 400;\">, chef d\u2019orchestre, compositeur et directeur musical de <\/span><a href=\"https:\/\/www.vancouversymphony.ca\/\" target=\"_blank\" rel=\"noopener\"><span style=\"font-weight: 400;\">l\u2019Orchestre symphonique de Vancouver<\/span><\/a><span style=\"font-weight: 400;\">.<\/span><span style=\"font-weight: 400;\"><br \/><\/span><b>2012<\/b> <a href=\"https:\/\/en.wikipedia.org\/wiki\/Lawrence_Cherney\" target=\"_blank\" rel=\"noopener\"><span style=\"font-weight: 400;\">Lawrence Cherney<\/span><\/a><span style=\"font-weight: 400;\">, directeur artistique de <\/span><a href=\"https:\/\/soundstreams.ca\/\" target=\"_blank\" rel=\"noopener\"><span style=\"font-weight: 400;\">SOUNDSTREAMS<\/span> <span style=\"font-weight: 400;\"><br \/><\/span><\/a><b>2011<\/b> <a href=\"https:\/\/en.wikipedia.org\/wiki\/Julian_Armour\" target=\"_blank\" rel=\"noopener\"><span style=\"font-weight: 400;\">Julian Armour,<\/span><\/a><span style=\"font-weight: 400;\">directeur musical, et <\/span><a href=\"https:\/\/www.thecanadianencyclopedia.ca\/en\/article\/patricia-shand-emc\" target=\"_blank\" rel=\"noopener\"><span style=\"font-weight: 400;\">Patricia Shand,<\/span><\/a><span style=\"font-weight: 400;\">universitaire (bourse sp\u00e9ciale de m\u00e9rite \u00e0 vie pour la musique canadienne)<\/span><span style=\"font-weight: 400;\"><br \/><\/span><b>2010<\/b> <a href=\"https:\/\/en.wikipedia.org\/wiki\/John_Beckwith_(composer)\" target=\"_blank\" rel=\"noopener\"><span style=\"font-weight: 400;\">John Beckwith,<\/span><\/a><span style=\"font-weight: 400;\"> compositeur, universitaire et \u00e9ducateur musical<\/span><span style=\"font-weight: 400;\"><br \/><\/span><b>2009<\/b> <a href=\"https:\/\/www.conservatoire.gouv.qc.ca\/fr\/formation-musique\/professeurs\/lacroix-veronique\/\" target=\"_blank\" rel=\"noopener\"><span style=\"font-weight: 400;\">V\u00e9ronique Lacroix,<\/span><\/a><span style=\"font-weight: 400;\"> chef d\u2019orchestre, \u00e9ducatrice musicale, directrice artistique<\/span><span style=\"font-weight: 400;\"><br \/><\/span><b>2008<\/b> <a href=\"https:\/\/en.wikipedia.org\/wiki\/CBC_Radio_Orchestra\" target=\"_blank\" rel=\"noopener\"><span style=\"font-weight: 400;\">l\u2019Orchestre de la radio de la CBC,<\/span><\/a><span style=\"font-weight: 400;\">interpr\u00e8tes<\/span><span style=\"font-weight: 400;\"><br \/><\/span><b>2007<\/b> <a href=\"https:\/\/en.wikipedia.org\/wiki\/Christina_Petrowska-Quilico\" target=\"_blank\" rel=\"noopener\"><span style=\"font-weight: 400;\">Christina Petrowska Quilico<\/span><\/a><span style=\"font-weight: 400;\">, interpr\u00e8te<\/span><span style=\"font-weight: 400;\"><br \/><\/span><b>2006<\/b> <a href=\"https:\/\/www.thecanadianencyclopedia.ca\/en\/article\/helmut-kallmann\" target=\"_blank\" rel=\"noopener\"><span style=\"font-weight: 400;\">Dr. Helmut Kallmann,<\/span><\/a><span style=\"font-weight: 400;\">musicologue et musicoth\u00e9caire<\/span><span style=\"font-weight: 400;\"><br \/><\/span><b>2005<\/b> <a href=\"https:\/\/josephpetric.com\/\" target=\"_blank\" rel=\"noopener\"><span style=\"font-weight: 400;\">Joseph Petric<\/span><\/a><span style=\"font-weight: 400;\">, interpr\u00e8te et commanditaire<\/span><span style=\"font-weight: 400;\"><br \/><\/span><b>2004<\/b> <a href=\"https:\/\/artsawards.ca\/artist\/isobel-and-tom-rolston\/\" target=\"_blank\" rel=\"noopener\"><span style=\"font-weight: 400;\">Thomas &amp; Isobel Rolston<\/span><\/a><span style=\"font-weight: 400;\">, \u00e9ducateurs musicaux, directeurs artistiques et administrateurs<\/span><span style=\"font-weight: 400;\"><br \/><\/span><b>2003<\/b> <a href=\"http:\/\/acnmp.ca\/about-us\/scholarships-awards\/mary-gardiner\/\" target=\"_blank\" rel=\"noopener\"><span style=\"font-weight: 400;\">Mary Gardiner<\/span><\/a><span style=\"font-weight: 400;\">, \u00e9ducatrice musicale<\/span><span style=\"font-weight: 400;\"><br \/><\/span><b>2002<\/b> <a href=\"https:\/\/broadcasting-history.com\/programming\/radio\/two-new-hours\" target=\"_blank\" rel=\"noopener\"><span style=\"font-weight: 400;\">David Jaeger et l\u2019\u00e9mission Two New Hours anim\u00e9e par Larry Lake<\/span><\/a><span style=\"font-weight: 400;\">, r\u00e9alisateur et animateur radio<\/span><span style=\"font-weight: 400;\"><br \/><\/span><b>2001<\/b> <a href=\"https:\/\/en.wikipedia.org\/wiki\/Ann_Southam\" target=\"_blank\" rel=\"noopener\"><span style=\"font-weight: 400;\">Ann Southam,<\/span><\/a><span style=\"font-weight: 400;\"> compositrice<\/span><span style=\"font-weight: 400;\"><br \/><\/span><b>2000<\/b> <a href=\"https:\/\/www.singers.com\/bio\/2908\" target=\"_blank\" rel=\"noopener\"><span style=\"font-weight: 400;\">Jon Washburn<\/span><\/a><span style=\"font-weight: 400;\">, directeur artistique<\/span><span style=\"font-weight: 400;\"><br \/><\/span><b>1999<\/b> <a href=\"https:\/\/fr.wikipedia.org\/wiki\/James_Dormeyer\" target=\"_blank\" rel=\"noopener\"><span style=\"font-weight: 400;\">James Dormeyer<\/span><\/a><span style=\"font-weight: 400;\">, r\u00e9alisateur t\u00e9l\u00e9<\/span><span style=\"font-weight: 400;\"><br \/><\/span><b>1998<\/b> <a href=\"https:\/\/www.thecanadianencyclopedia.ca\/en\/article\/sound-symposium-emc\" target=\"_blank\" rel=\"noopener\"><span style=\"font-weight: 400;\">Don Wherry<\/span><\/a><span style=\"font-weight: 400;\">, directeur artistique<\/span><span style=\"font-weight: 400;\"><br \/><\/span><b>1997<\/b> <a href=\"http:\/\/acnmp.ca\/\" target=\"_blank\" rel=\"noopener\"><span style=\"font-weight: 400;\">l&rsquo;Alliance pour les projets canadiens de musiques nouvelles<\/span> <span style=\"font-weight: 400;\"><br \/><\/span><\/a><b>1996<\/b> <a href=\"https:\/\/www.thecanadianencyclopedia.ca\/en\/article\/jean-francois-denis-emc\" target=\"_blank\" rel=\"noopener\"><span style=\"font-weight: 400;\">Jean-Fran\u00e7ois Denis<\/span><\/a><span style=\"font-weight: 400;\">, promoteur<\/span><span style=\"font-weight: 400;\"><br \/><\/span><b>1995<\/b><span style=\"font-weight: 400;\"> David Olds, animateur<\/span><\/p>\n<p>[\/et_pb_text][\/et_pb_column][\/et_pb_row][\/et_pb_section][et_pb_section fb_built=\u00a0\u00bb1&Prime; module_class=\u00a0\u00bbhome-news sub-footer-news\u00a0\u00bb _builder_version=\u00a0\u00bb4.21.0&Prime; _module_preset=\u00a0\u00bbdefault\u00a0\u00bb use_background_color_gradient=\u00a0\u00bbon\u00a0\u00bb background_color_gradient_direction=\u00a0\u00bb45deg\u00a0\u00bb background_color_gradient_stops=\u00a0\u00bb#001626 0%|rgba(0,115,216,0.66) 100%\u00a0\u00bb background_color_gradient_overlays_image=\u00a0\u00bbon\u00a0\u00bb background_image=\u00a0\u00bbhttps:\/\/www.composition.org\/wp-content\/uploads\/2023\/03\/CLC-Curls-e1678378703940.jpg\u00a0\u00bb background_size=\u00a0\u00bbcontain\u00a0\u00bb background_position=\u00a0\u00bbcenter_right\u00a0\u00bb background_horizontal_offset=\u00a0\u00bb0%\u00a0\u00bb top_divider_style=\u00a0\u00bbslant\u00a0\u00bb top_divider_color=\u00a0\u00bb#f7f7f7&Prime; top_divider_height=\u00a0\u00bb70px\u00a0\u00bb top_divider_flip=\u00a0\u00bbhorizontal\u00a0\u00bb bottom_divider_style=\u00a0\u00bbslant\u00a0\u00bb bottom_divider_color=\u00a0\u00bb#000000&Prime; da_disable_devices=\u00a0\u00bboff|off|off\u00a0\u00bb locked=\u00a0\u00bboff\u00a0\u00bb global_colors_info=\u00a0\u00bb{}\u00a0\u00bb da_is_popup=\u00a0\u00bboff\u00a0\u00bb da_exit_intent=\u00a0\u00bboff\u00a0\u00bb da_has_close=\u00a0\u00bbon\u00a0\u00bb da_alt_close=\u00a0\u00bboff\u00a0\u00bb da_dark_close=\u00a0\u00bboff\u00a0\u00bb da_not_modal=\u00a0\u00bbon\u00a0\u00bb da_is_singular=\u00a0\u00bboff\u00a0\u00bb da_with_loader=\u00a0\u00bboff\u00a0\u00bb da_has_shadow=\u00a0\u00bbon\u00a0\u00bb][et_pb_row _builder_version=\u00a0\u00bb4.19.2&Prime; _module_preset=\u00a0\u00bbdefault\u00a0\u00bb animation_style=\u00a0\u00bbslide\u00a0\u00bb animation_direction=\u00a0\u00bbbottom\u00a0\u00bb animation_intensity_slide=\u00a0\u00bb20%\u00a0\u00bb animation_starting_opacity=\u00a0\u00bb50%\u00a0\u00bb global_colors_info=\u00a0\u00bb{}\u00a0\u00bb][et_pb_column type=\u00a0\u00bb4_4&Prime; _builder_version=\u00a0\u00bb4.19.2&Prime; _module_preset=\u00a0\u00bbdefault\u00a0\u00bb global_colors_info=\u00a0\u00bb{}\u00a0\u00bb][et_pb_blog fullwidth=\u00a0\u00bboff\u00a0\u00bb posts_number=\u00a0\u00bb3&Prime; include_categories=\u00a0\u00bb65&Prime; excerpt_length=\u00a0\u00bb100&Prime; show_more=\u00a0\u00bbon\u00a0\u00bb show_author=\u00a0\u00bboff\u00a0\u00bb show_categories=\u00a0\u00bboff\u00a0\u00bb show_pagination=\u00a0\u00bboff\u00a0\u00bb module_class=\u00a0\u00bbblog-grid-images et_blog_grid_equal_height\u00a0\u00bb _builder_version=\u00a0\u00bb4.21.0&Prime; _module_preset=\u00a0\u00bbdefault\u00a0\u00bb global_colors_info=\u00a0\u00bb{}\u00a0\u00bb][\/et_pb_blog][et_pb_button button_text=\u00a0\u00bbPlus de nouvelles\u00a0\u00bb button_alignment=\u00a0\u00bbcenter\u00a0\u00bb module_class=\u00a0\u00bbbutton-dark\u00a0\u00bb _builder_version=\u00a0\u00bb4.19.2&Prime; _module_preset=\u00a0\u00bbdefault\u00a0\u00bb global_colors_info=\u00a0\u00bb{}\u00a0\u00bb][\/et_pb_button][\/et_pb_column][\/et_pb_row][\/et_pb_section]<\/p>\n","protected":false},"excerpt":{"rendered":"<p>La Ligue canadienne des compositeurs est engag\u00e9e \u00e0 c\u00e9l\u00e9brer et promouvoir les compositeurs canadiens par le biais d\u2019administration d\u2019activit\u00e9s telles que le Prix des Amis de la musique canadienne, certains prix sp\u00e9ciaux de composition, ainsi que la section canadienne de la Soci\u00e9t\u00e9 Internationale de Musique Contemporaine (SIMC). De plus, nous participons aux nominations et faisons [&hellip;]<\/p>\n","protected":false},"author":1,"featured_media":0,"parent":8806,"menu_order":0,"comment_status":"closed","ping_status":"closed","template":"","meta":{"_acf_changed":false,"_et_pb_use_builder":"on","_et_pb_old_content":"","_et_gb_content_width":"","footnotes":""},"class_list":["post-8426","page","type-page","status-publish","hentry"],"acf":[],"_links":{"self":[{"href":"https:\/\/www.composition.org\/fr\/wp-json\/wp\/v2\/pages\/8426","targetHints":{"allow":["GET"]}}],"collection":[{"href":"https:\/\/www.composition.org\/fr\/wp-json\/wp\/v2\/pages"}],"about":[{"href":"https:\/\/www.composition.org\/fr\/wp-json\/wp\/v2\/types\/page"}],"author":[{"embeddable":true,"href":"https:\/\/www.composition.org\/fr\/wp-json\/wp\/v2\/users\/1"}],"replies":[{"embeddable":true,"href":"https:\/\/www.composition.org\/fr\/wp-json\/wp\/v2\/comments?post=8426"}],"version-history":[{"count":4,"href":"https:\/\/www.composition.org\/fr\/wp-json\/wp\/v2\/pages\/8426\/revisions"}],"predecessor-version":[{"id":11814,"href":"https:\/\/www.composition.org\/fr\/wp-json\/wp\/v2\/pages\/8426\/revisions\/11814"}],"up":[{"embeddable":true,"href":"https:\/\/www.composition.org\/fr\/wp-json\/wp\/v2\/pages\/8806"}],"wp:attachment":[{"href":"https:\/\/www.composition.org\/fr\/wp-json\/wp\/v2\/media?parent=8426"}],"curies":[{"name":"wp","href":"https:\/\/api.w.org\/{rel}","templated":true}]}}