{"id":10745,"date":"2024-10-18T15:14:01","date_gmt":"2024-10-18T19:14:01","guid":{"rendered":"https:\/\/www.composition.org\/?page_id=10745"},"modified":"2024-10-18T15:31:16","modified_gmt":"2024-10-18T19:31:16","slug":"recharge","status":"publish","type":"page","link":"https:\/\/www.composition.org\/fr\/programmes\/recharge\/","title":{"rendered":"Programme de mentorat (re)charg(\u00e9)"},"content":{"rendered":"<p>[et_pb_section fb_built=\u00a0\u00bb1&Prime; _builder_version=\u00a0\u00bb4.20.2&Prime; _module_preset=\u00a0\u00bbdefault\u00a0\u00bb background_color=\u00a0\u00bb#f7f7f7&Prime; global_colors_info=\u00a0\u00bb{}\u00a0\u00bb][et_pb_row module_class=\u00a0\u00bbnarrow70&Prime; _builder_version=\u00a0\u00bb4.21.0&Prime; _module_preset=\u00a0\u00bbdefault\u00a0\u00bb global_colors_info=\u00a0\u00bb{}\u00a0\u00bb][et_pb_column type=\u00a0\u00bb4_4&Prime; _builder_version=\u00a0\u00bb4.21.0&Prime; _module_preset=\u00a0\u00bbdefault\u00a0\u00bb global_colors_info=\u00a0\u00bb{}\u00a0\u00bb][et_pb_image src=\u00a0\u00bbhttps:\/\/www.composition.org\/wp-content\/uploads\/2024\/09\/recharge-black-background-1.png\u00a0\u00bb title_text=\u00a0\u00bb(re)charg(e\u0301) black background\u00a0\u00bb _builder_version=\u00a0\u00bb4.27.2&Prime; _module_preset=\u00a0\u00bbdefault\u00a0\u00bb custom_margin=\u00a0\u00bb|65px||||\u00a0\u00bb custom_padding=\u00a0\u00bb|||65px||\u00a0\u00bb global_colors_info=\u00a0\u00bb{}\u00a0\u00bb][\/et_pb_image][et_pb_text _builder_version=\u00a0\u00bb4.27.2&Prime; _module_preset=\u00a0\u00bbdefault\u00a0\u00bb global_colors_info=\u00a0\u00bb{}\u00a0\u00bb]<\/p>\n<p>La LCC est heureuse d\u2019annoncer le lancement d\u2019un nouveau programme de mentorat: <strong>(re)Charg(\u00e9)<\/strong> <\/p>\n<p><strong>(re)Charg(\u00e9)<\/strong> est un programme pour les compositaires et les artistes sonores, \u00e0 n\u2019importe quel stade de leur carri\u00e8re, qui ne sont pr\u00e9sentement pas inscritx dans un programme acad\u00e9mique en musique, et qui souhaitent r\u00e9actualiser leur pratique via du mentorat, du soutien par des pair\u00b7es, ou des objectifs de d\u00e9veloppement professionnel sp\u00e9cifiques. Les individus qui, par exemple:\u00a0 <\/p>\n<p>1. Cherchent \u00e0 apprendre une nouvelle technique ou une nouvelle pratique esth\u00e9tique; <\/p>\n<p>2. Travaillent sur un projet sp\u00e9cifique qui n\u00e9cessite du soutien ou un regard et des conseils externes; <\/p>\n<p>3. Cherchent diff\u00e9rentes fa\u00e7ons de s\u2019investir dans leur discipline; <\/p>\n<p>4. Cherchent \u00e0 explorer des pratiques interdisciplinaires \u00e0 travers le soutien d\u2019un\u00b7e professionnel\u00b7le d\u2019une autre pratique artistique. <\/p>\n<p>Les participantx s\u00e9lectionn\u00e9\u00b7es recevront un cachet de 300$, ainsi que 750$ \u00e0 consacrer \u00e0 un mentorat individuel de leur choix. La LCC aidera aussi \u00e0 organiser et \u00e0 superviser ce mentorat. De plus la LCC animera deux ateliers de groupe adapt\u00e9s aux besoins et aux int\u00e9r\u00eats de la cohorte. Les participantx s\u00e9lectionn\u00e9\u00b7es recevront une adh\u00e9sion gratuite d&rsquo;un an \u00e0 la LCC (s&rsquo;iels ne sont pas d\u00e9j\u00e0 membres).\u00a0 <\/p>\n<p><strong>Crit\u00e8res d\u2019admissibilit\u00e9<\/strong><\/p>\n<ul>\n<li>\n<p>Les candidatx doivent r\u00e9sider l\u00e9galement au Canada;<\/p>\n<\/li>\n<li>\n<p>Il n\u2019y a pas d\u2019\u00e2ge limite;<\/p>\n<\/li>\n<li>\n<p>Les candidatx <strong style=\"font-size: 18px;\">ne peuvent pas <\/strong><span style=\"font-size: 18px;\">\u00eatre pr\u00e9sentement inscritx \u00e0 un programme de formation en musique<\/span><\/p>\n<\/li>\n<\/ul>\n<p>La diversit\u00e9 sous toutes ses formes (ethnie, culture, identit\u00e9 de genre, orientation sexuelle, religion, langue, capacit\u00e9 physique et l\u2019\u00e2ge) sera un facteur qui orientera le processus de s\u00e9lection. <strong>Nous encourageons particuli\u00e8rement les candidatures d\u2019artistes qui s\u2019identifient comme femme, non-binaire, trans, Noir\u00b7e, autochtone, personne de couleur, ainsi que les artistes de populations traditionnellement sous-repr\u00e9sent\u00e9es.\u00a0<\/strong> <\/p>\n<p><strong>Les candidatx doivent soumettre les documents suivants via notre formulaire en ligne:<\/strong><\/p>\n<p><span style=\"font-size: 18px;\">Identification (nom complet, adresse, courriel, etc.);<\/span><\/p>\n<ul>\n<li>CV \u00e0 jour;<\/li>\n<li>Bio \u00e0 jour;<\/li>\n<li>Liens audio\/vid\u00e9o de deux enregistrements d\u2019\u0153uvres r\u00e9centes (ne soumettez pas de partitions);<\/li>\n<li>R\u00e9ponses \u00e0 trois questions sur vos objectifs et sur ce que vous aimeriez acqu\u00e9rir en participant \u00e0 ce programme de mentorat.<\/li>\n<\/ul>\n<p>Les candidatures doivent \u00eatre soumises par <a href=\"https:\/\/forms.gle\/6hWu4T8HjVnCKoue6\" target=\"_blank\" rel=\"noopener\">ce formulaire<\/a> au plus tard <strong>le 10 novembre \u00e0 23h59 HE.<\/strong><\/p>\n<p>Le jury sera compos\u00e9 d&rsquo;Amy Brandon, \u00c9milie Fortin, Parisa Sabet et Maria-Eduarda Mendes-Martins. Les lignes directrices du jury sont disponibles <a href=\"https:\/\/docs.google.com\/document\/d\/15mbqSrfGDoY_qeEofZtt2PJnT7IeE3QxRlFfy7XrlWs\/edit?tab=t.0\" target=\"_blank\" rel=\"noopener\">ici<\/a>. <\/p>\n<p>Pour plus d\u2019informations, contactez: <\/p>\n<p>August Murphy-King<\/p>\n<p>Directeur g\u00e9n\u00e9ral, Ligue canadienne des compositeurs <\/p>\n<p>20 St. Joseph Street, Toronto, ON, M4Y 1J9, <\/p>\n<p>416.964.1364; info@composition.org <\/p>\n<p>La Ligue canadienne des compositeurs remercie chaleureusement le Conseil des arts de l\u2019Ontario, la Fondation SOCAN, le Conseil des arts du Canada, le Fonds Osbertus de la Vancouver Foundation et la Fondation Azrieli pour leur soutien financier.<\/p>\n<\/p>\n<p>[\/et_pb_text][\/et_pb_column][\/et_pb_row][\/et_pb_section][et_pb_section fb_built=\u00a0\u00bb1&Prime; module_class=\u00a0\u00bbhome-news sub-footer-news\u00a0\u00bb _builder_version=\u00a0\u00bb4.21.0&Prime; _module_preset=\u00a0\u00bbdefault\u00a0\u00bb use_background_color_gradient=\u00a0\u00bbon\u00a0\u00bb background_color_gradient_direction=\u00a0\u00bb45deg\u00a0\u00bb background_color_gradient_stops=\u00a0\u00bb#001626 0%|rgba(0,115,216,0.66) 100%\u00a0\u00bb background_color_gradient_overlays_image=\u00a0\u00bbon\u00a0\u00bb background_image=\u00a0\u00bbhttps:\/\/www.composition.org\/wp-content\/uploads\/2023\/03\/CLC-Curls-e1678378703940.jpg\u00a0\u00bb background_size=\u00a0\u00bbcontain\u00a0\u00bb background_position=\u00a0\u00bbcenter_right\u00a0\u00bb background_horizontal_offset=\u00a0\u00bb0%\u00a0\u00bb custom_padding=\u00a0\u00bb|1px||||\u00a0\u00bb top_divider_style=\u00a0\u00bbslant\u00a0\u00bb top_divider_color=\u00a0\u00bb#f7f7f7&Prime; top_divider_height=\u00a0\u00bb70px\u00a0\u00bb top_divider_flip=\u00a0\u00bbhorizontal\u00a0\u00bb bottom_divider_style=\u00a0\u00bbslant\u00a0\u00bb bottom_divider_color=\u00a0\u00bb#000000&Prime; locked=\u00a0\u00bboff\u00a0\u00bb global_colors_info=\u00a0\u00bb{}\u00a0\u00bb][et_pb_row _builder_version=\u00a0\u00bb4.19.2&Prime; _module_preset=\u00a0\u00bbdefault\u00a0\u00bb animation_style=\u00a0\u00bbslide\u00a0\u00bb animation_direction=\u00a0\u00bbbottom\u00a0\u00bb animation_intensity_slide=\u00a0\u00bb20%\u00a0\u00bb animation_starting_opacity=\u00a0\u00bb50%\u00a0\u00bb global_colors_info=\u00a0\u00bb{}\u00a0\u00bb][et_pb_column type=\u00a0\u00bb4_4&Prime; _builder_version=\u00a0\u00bb4.19.2&Prime; _module_preset=\u00a0\u00bbdefault\u00a0\u00bb global_colors_info=\u00a0\u00bb{}\u00a0\u00bb][et_pb_blog fullwidth=\u00a0\u00bboff\u00a0\u00bb posts_number=\u00a0\u00bb3&Prime; include_categories=\u00a0\u00bb65&Prime; excerpt_length=\u00a0\u00bb100&Prime; show_more=\u00a0\u00bbon\u00a0\u00bb show_author=\u00a0\u00bboff\u00a0\u00bb show_categories=\u00a0\u00bboff\u00a0\u00bb show_pagination=\u00a0\u00bboff\u00a0\u00bb module_class=\u00a0\u00bbblog-grid-images et_blog_grid_equal_height\u00a0\u00bb _builder_version=\u00a0\u00bb4.21.0&Prime; _module_preset=\u00a0\u00bbdefault\u00a0\u00bb global_colors_info=\u00a0\u00bb{}\u00a0\u00bb][\/et_pb_blog][et_pb_button button_url=\u00a0\u00bbhttps:\/\/www.composition.org\/fr\/category\/nouvelles-fr\/\u00a0\u00bb button_text=\u00a0\u00bbPlus de nouvelles\u00a0\u00bb button_alignment=\u00a0\u00bbcenter\u00a0\u00bb module_class=\u00a0\u00bbbutton-dark\u00a0\u00bb _builder_version=\u00a0\u00bb4.22.0&Prime; _module_preset=\u00a0\u00bbdefault\u00a0\u00bb global_colors_info=\u00a0\u00bb{}\u00a0\u00bb][\/et_pb_button][\/et_pb_column][\/et_pb_row][\/et_pb_section]<\/p>\n","protected":false},"excerpt":{"rendered":"<p>La LCC est heureuse d\u2019annoncer le lancement d\u2019un nouveau programme de mentorat: (re)Charg(\u00e9) (re)Charg(\u00e9) est un programme pour les compositaires et les artistes sonores, \u00e0 n\u2019importe quel stade de leur carri\u00e8re, qui ne sont pr\u00e9sentement pas inscritx dans un programme acad\u00e9mique en musique, et qui souhaitent r\u00e9actualiser leur pratique via du mentorat, du soutien par [&hellip;]<\/p>\n","protected":false},"author":4,"featured_media":0,"parent":8806,"menu_order":0,"comment_status":"closed","ping_status":"closed","template":"","meta":{"_acf_changed":false,"_et_pb_use_builder":"on","_et_pb_old_content":"","_et_gb_content_width":"","footnotes":""},"class_list":["post-10745","page","type-page","status-publish","hentry"],"acf":[],"_links":{"self":[{"href":"https:\/\/www.composition.org\/fr\/wp-json\/wp\/v2\/pages\/10745","targetHints":{"allow":["GET"]}}],"collection":[{"href":"https:\/\/www.composition.org\/fr\/wp-json\/wp\/v2\/pages"}],"about":[{"href":"https:\/\/www.composition.org\/fr\/wp-json\/wp\/v2\/types\/page"}],"author":[{"embeddable":true,"href":"https:\/\/www.composition.org\/fr\/wp-json\/wp\/v2\/users\/4"}],"replies":[{"embeddable":true,"href":"https:\/\/www.composition.org\/fr\/wp-json\/wp\/v2\/comments?post=10745"}],"version-history":[{"count":5,"href":"https:\/\/www.composition.org\/fr\/wp-json\/wp\/v2\/pages\/10745\/revisions"}],"predecessor-version":[{"id":10757,"href":"https:\/\/www.composition.org\/fr\/wp-json\/wp\/v2\/pages\/10745\/revisions\/10757"}],"up":[{"embeddable":true,"href":"https:\/\/www.composition.org\/fr\/wp-json\/wp\/v2\/pages\/8806"}],"wp:attachment":[{"href":"https:\/\/www.composition.org\/fr\/wp-json\/wp\/v2\/media?parent=10745"}],"curies":[{"name":"wp","href":"https:\/\/api.w.org\/{rel}","templated":true}]}}